{"id":993,"date":"2025-04-16T16:42:42","date_gmt":"2025-04-16T14:42:42","guid":{"rendered":"https:\/\/www.lwaziende.it\/?page_id=993"},"modified":"2025-04-16T16:42:42","modified_gmt":"2025-04-16T14:42:42","slug":"hosting-e-commerce-2","status":"publish","type":"page","link":"https:\/\/www.lwaziende.it\/index.php\/hosting-e-commerce-2\/","title":{"rendered":"Hosting WordPress"},"content":{"rendered":"<div  data-label=\"Content\" data-id=\"content--1\" data-export-id=\"content-12\" data-category=\"content\" class=\"content-12 content-section content-section-spacing\" id=\"content-1\" style=\"background-color: rgb(245, 250, 253);\"><div  class=\"gridContainer\"> <div  class=\"row text-center\"><div  class=\"section-title-col\" data-type=\"column\"> <h2  class=\"\">Hosting WordPress su Misura per il Tuo Sito<\/h2> <p  class=\"lead\">Affidabilit\u00e0, velocit\u00e0 e sicurezza: tutto ci\u00f2 che serve per far crescere il tuo sito WordPress lo trovi nei nostri pacchetti di hosting dedicati.<br >\nScegliere l\u2019hosting giusto \u00e8 una decisione cruciale per garantire prestazioni elevate e una presenza online sempre attiva. I nostri piani sono pensati per offrire il massimo in termini di tecnologia, stabilit\u00e0 e assistenza, sia per progetti personali che per siti aziendali o professionali.<\/p><\/div> <\/div> <div  class=\"row center-xs middle-xs\"> <div  class=\"col-sm-9\" data-type=\"column\"> <\/div> <\/div><\/div> <\/div><div  data-label=\"Pricing\" data-id=\"pricing--1\" data-export-id=\"pricing-1\" data-category=\"pricing\" data-featured-class=\"pricing-featured\" class=\"pricing-1 content-section content-section-spacing\" id=\"pricing-1\" style=\"background-color: rgb(245, 250, 253);\"><div  class=\"gridContainer\"> <div  class=\"row\"><div  data-type=\"column\" class=\"section-title-col\"> <h2  class=\"text-center\">Scegli Il Tuo Piano Hosting\u200b<\/h2> <p  class=\"lead\">* un nome di dominio con estensione .it, .com, .eu, .net incluso selezionando la sottoscrizione annuale.<\/p><\/div> <\/div> <div  data-type=\"row\" class=\"row spaced-cols\"> <div  class=\"col-xs-12 col-sm-6 col-md-3 text-center \"> <div  class=\"card shadow-small rounded\" data-default=\"shadow-small\" data-featured=\"shadow-large\" data-type=\"column\"> <h3  class=\"font-300 upper\">SSD 2<\/h3>  <p  class=\"small color1 custom-color\">A partire da<\/p><h3  class=\"\">\u20ac24\/anno<\/h3> <ul  data-default=\"no-class\" data-featured=\"strong\" class=\"unstyled checked decoration-color1 black text-center\"><li > 2 GB Spazio Web SSD<\/li><li > 1 Sito Web<\/li><li >1 dominio Incluso *<\/li><li > 10 Caselle email<\/li><li >10 database<\/li><li >Certificato SSL<\/li><\/ul> <a  class=\"button upper y-move color1\" href=\"https:\/\/www.lwaziende.it\/index.php\/contattaci\" data-default=\"color1\" data-featured=\"color2\" target=\"_self\" data-cp-link=\"1\" data-icon=\"\">Contattaci<\/a><\/div> <\/div>   <div  class=\"col-xs-12 col-sm-6 col-md-3 text-center\"> <div  class=\"card shadow-small rounded\" data-default=\"shadow-small\" data-featured=\"shadow-large\" data-type=\"column\"> <h3  class=\"font-300 upper\">SSD 10<\/h3>  <p  class=\"small color1 custom-color\">A partire da<\/p><h3  class=\"\">\u20ac49\/anno<\/h3> <ul  data-default=\"no-class\" data-featured=\"strong\" class=\"unstyled checked decoration-color1 black text-center\"><li >10 GB Spazio Web SSD<\/li><li > Siti Web illimitati<\/li><li >1 dominio Incluso *<\/li><li > Caselle email illimitate<\/li><li >Database illimitati<\/li><li >Certificato SSL<\/li><\/ul> <a  class=\"button upper y-move color1\" href=\"https:\/\/www.lwaziende.it\/index.php\/contattaci\" data-default=\"color1\" data-featured=\"color2\" target=\"_self\" data-cp-link=\"1\" data-icon=\"\">Contattaci<\/a><\/div> <\/div><div  class=\"col-xs-12 col-sm-6 col-md-3 text-center\"> <div  class=\"card shadow-small rounded\" data-default=\"shadow-small\" data-featured=\"shadow-large\" data-type=\"column\"> <h3  class=\"font-300 upper\">SSD 50<\/h3>  <p  class=\"small color1 custom-color\">A partire da<\/p><h3  class=\"\">\u20ac99\/anno<\/h3> <ul  data-default=\"no-class\" data-featured=\"strong\" class=\"unstyled checked decoration-color1 black text-center\"><li >50 GB Spazio Web SSD<\/li><li > Siti Web illimitati<\/li><li >1 dominio Incluso *<\/li><li >Caselle email illimitate<\/li><li >Database illimitati<\/li><li >Certificato SSL<\/li><\/ul> <a  class=\"button upper y-move color1\" href=\"https:\/\/www.lwaziende.it\/index.php\/contattaci\" data-default=\"color1\" data-featured=\"color2\" target=\"_self\" data-cp-link=\"1\" data-icon=\"\">Contattaci<\/a><\/div> <\/div><div  class=\"col-xs-12 col-sm-6 col-md-3 text-center\"> <div  class=\"card shadow-small rounded\" data-default=\"shadow-small\" data-featured=\"shadow-large\" data-type=\"column\"> <h3  class=\"font-300 upper\">SSD 100<\/h3>  <p  class=\"small color1 custom-color\">A partire da<\/p><h3  class=\"\">\u20ac189\/anno<\/h3> <ul  data-default=\"no-class\" data-featured=\"strong\" class=\"unstyled checked decoration-color1 black text-center\"><li >100 GB Spazio Web SSD<\/li><li >Siti Web illimitati<\/li><li >1 dominio Incluso *<\/li><li >Caselle email illimitate<\/li><li > Database illimitati<\/li><li >Certificato SSL<\/li><\/ul> <a  class=\"button upper y-move color1\" href=\"https:\/\/www.lwaziende.it\/index.php\/contattaci\" data-default=\"color1\" data-featured=\"color2\" target=\"_self\" data-cp-link=\"1\" data-icon=\"\">Contattaci<\/a><\/div> <\/div><\/div> <\/div><\/div><div  data-label=\"Content\" data-id=\"content--2\" data-export-id=\"content-2\" data-category=\"content\" class=\"content-2 content-section content-section-spacing\" id=\"content-2\" style=\"background-color: rgb(255, 255, 255);\"><div > <div  class=\"row middle-xs\"><div  class=\"col-sm-5 bg-image shadow-large-black\" data-bg=\"image\" style=\"background-image: url(&quot;https:\/\/www.lwaziende.it\/wp-content\/uploads\/2025\/04\/cropped-png-transparent-wordpress-cms-logo.png&quot;);\"><\/div> <div  class=\"col-sm-7 full-col-left-padding full-col-right-padding\"> <div  class=\"row\"> <div  data-type=\"column\" class=\"space-bottom-small content-title-col\"> <h5  class=\"\">WordPress: Semplice, Potente, Universale<\/h5>  <p  class=\"\">WordPress \u00e8 oggi uno dei CMS pi\u00f9 utilizzati al mondo, grazie alla sua intuitivit\u00e0, flessibilit\u00e0 e potenza. Negli ultimi anni ha conquistato un posto di rilievo tra gli strumenti per la creazione di siti web, diventando la scelta preferita da professionisti, aziende e blogger.<br >\nIl merito va alla sua interfaccia user-friendly e alla vastissima libreria di plugin e temi che ne estendono le funzionalit\u00e0 in modo quasi illimitato. Dai semplici siti vetrina agli e-commerce complessi, WordPress si adatta perfettamente a ogni tipo di progetto.<br >\nSecondo i dati aggiornati di BuiltWith, oltre il 53% dei siti web costruiti con CMS utilizza WordPress. Questo si traduce in oltre 20 milioni di siti attivi a livello globale: una conferma della sua solidit\u00e0 e del continuo supporto da parte di una community ampia e dinamica.&nbsp;<\/p><\/div> <\/div> <div  class=\"row spaced-cols \" data-type=\"row\"> <div  class=\"col-xs-6\" data-type=\"column\">  <\/div>    <\/div><\/div> <\/div><\/div> <\/div>","protected":false},"excerpt":{"rendered":"<p>Hosting WordPress su Misura per il Tuo Sito Affidabilit\u00e0, velocit\u00e0 e sicurezza: tutto ci\u00f2 che serve per far crescere il tuo sito WordPress lo trovi nei nostri pacchetti di hosting dedicati. Scegliere l\u2019hosting giusto \u00e8 una decisione cruciale per garantire prestazioni elevate e una presenza online sempre attiva. I nostri piani sono pensati per offrire&hellip; <br \/> <a class=\"read-more\" href=\"https:\/\/www.lwaziende.it\/index.php\/hosting-e-commerce-2\/\">Leggi tutto<\/a><\/p>\n","protected":false},"author":1,"featured_media":0,"parent":0,"menu_order":0,"comment_status":"closed","ping_status":"closed","template":"pro\/page-templates\/full-width-page.php","meta":{"footnotes":""},"class_list":["post-993","page","type-page","status-publish","hentry"],"_links":{"self":[{"href":"https:\/\/www.lwaziende.it\/index.php\/wp-json\/wp\/v2\/pages\/993","targetHints":{"allow":["GET"]}}],"collection":[{"href":"https:\/\/www.lwaziende.it\/index.php\/wp-json\/wp\/v2\/pages"}],"about":[{"href":"https:\/\/www.lwaziende.it\/index.php\/wp-json\/wp\/v2\/types\/page"}],"author":[{"embeddable":true,"href":"https:\/\/www.lwaziende.it\/index.php\/wp-json\/wp\/v2\/users\/1"}],"replies":[{"embeddable":true,"href":"https:\/\/www.lwaziende.it\/index.php\/wp-json\/wp\/v2\/comments?post=993"}],"version-history":[{"count":7,"href":"https:\/\/www.lwaziende.it\/index.php\/wp-json\/wp\/v2\/pages\/993\/revisions"}],"predecessor-version":[{"id":1012,"href":"https:\/\/www.lwaziende.it\/index.php\/wp-json\/wp\/v2\/pages\/993\/revisions\/1012"}],"wp:attachment":[{"href":"https:\/\/www.lwaziende.it\/index.php\/wp-json\/wp\/v2\/media?parent=993"}],"curies":[{"name":"wp","href":"https:\/\/api.w.org\/{rel}","templated":true}]}}