{"id":883,"date":"2025-04-16T10:14:28","date_gmt":"2025-04-16T08:14:28","guid":{"rendered":"https:\/\/www.lwaziende.it\/?page_id=883"},"modified":"2025-05-02T11:24:54","modified_gmt":"2025-05-02T09:24:54","slug":"cloud-app","status":"publish","type":"page","link":"https:\/\/www.lwaziende.it\/index.php\/cloud-app\/","title":{"rendered":"Cloud APP"},"content":{"rendered":"<div  data-label=\"Features\" data-id=\"features--1\" data-export-id=\"features-12-card-bordered\" data-category=\"features\" class=\"features-12-card-bordered content-section content-section-spacing \" id=\"features-1\" style=\"background-color: rgb(255, 255, 255);\"><div  class=\"gridContainer\"> <div  class=\"row text-center\"><div  class=\"section-title-col\" data-type=\"column\"> <h2  class=\"\">Cloud App su VPS Containerizzati<\/h2> <p  class=\"lead\">Con RackOne puoi distribuire rapidamente le tue applicazioni grazie a un\u2019infrastruttura cloud flessibile e performante.<br >\nSeleziona la tua Cloud App \u2013 da CMS a gestionali \u2013 e avviala in pochi secondi in ambiente container isolato, pronto all\u2019uso.<\/p><h3  class=\"\">Perch\u00e9 scegliere un VPS Linkwireelss<\/h3><\/div> <\/div> <div  class=\"row spaced-cols\" data-type=\"row\"> <div  class=\"col-sm-6\"> <div  class=\"card row-card bordered y-move\"> <div  class=\"row\"> <div  class=\"col-sm-fit icon-column\"> <i  class=\"fa icon fa-connectdevelop round bordered color2\"><\/i> <\/div> <div  class=\"col-sm\" data-type=\"column\"> <h5  class=\"color2\">Veloce ed Economico<\/h5> <p  class=\"\">I nostri VPS offrono prestazioni elevate a costi competitivi, perfetti per ogni tipo di applicazione web o cloud.<\/p><\/div> <\/div><\/div> <\/div> <div  class=\"col-sm-6\"> <div  class=\"card row-card bordered y-move\"> <div  class=\"row\"> <div  class=\"col-sm-fit icon-column\"> <i  class=\"fa icon fa-codepen round bordered color2\"><\/i> <\/div> <div  class=\"col-sm\" data-type=\"column\"> <h5  class=\"color2\">Supporto Tecnico Dedicato<\/h5> <p  class=\"\">Il nostro team di specialisti \u00e8 attivo 24\/7\/365, pronto a fornirti assistenza via telefono ed email, garantendo massima continuit\u00e0 e affidabilit\u00e0 operativa.<\/p><\/div> <\/div><\/div> <\/div> <div  class=\"col-sm-6\"> <div  class=\"card row-card bordered y-move\"> <div  class=\"row\"> <div  class=\"col-sm-fit icon-column\"> <i  class=\"fa icon fa-cube round bordered color2\"><\/i> <\/div> <div  class=\"col-sm\" data-type=\"column\"> <h5  class=\"color2\">Pannello di Gestione Avanzato<\/h5> <p  class=\"\">Gestisci il tuo VPS in completa autonomia:<br >\nAvvio, arresto, riavvio<br >\nAccesso tramite console noVNC<br >\nMonitoraggio delle risorse (CPU, RAM, traffico, disco)<\/p><\/div> <\/div><\/div> <\/div> <div  class=\"col-sm-6\"> <div  class=\"card row-card bordered y-move\"> <div  class=\"row\"> <div  class=\"col-sm-fit icon-column\"> <i  class=\"fa icon fa-database round bordered color2\"><\/i> <\/div> <div  class=\"col-sm\" data-type=\"column\"> <h5  class=\"color2\">Opzione Managed<\/h5> <p  class=\"\">Non vuoi occuparti della configurazione?<br >\nCon il servizio Managed, un nostro tecnico gestir\u00e0 per te il sistema (Linux o Windows), installer\u00e0 il software richiesto e risponder\u00e0 alle tue esigenze operative.<br >Tu pensi al tuo business, noi pensiamo al tuo server.<\/p><\/div> <\/div><\/div> <\/div><div  class=\"col-sm-6\"> <div  class=\"card row-card bordered y-move\"> <div  class=\"row\"> <div  class=\"col-sm-fit icon-column\"> <i  class=\"fa icon fa-connectdevelop round bordered color2\"><\/i> <\/div> <div  class=\"col-sm\" data-type=\"column\"> <h5  class=\"color2\">Traffico Illimitato<\/h5> <p  class=\"\">Tutti i piani includono traffico senza limiti: ideale per progetti ad alto carico, senza costi aggiuntivi o sorprese in fattura.<\/p><\/div> <\/div><\/div> <\/div><div  class=\"col-sm-6\"> <div  class=\"card row-card bordered y-move\"> <div  class=\"row\"> <div  class=\"col-sm-fit icon-column\"> <i  class=\"fa icon fa-connectdevelop round bordered color2\"><\/i> <\/div> <div  class=\"col-sm\" data-type=\"column\"> <h5  class=\"color2\">Backup &amp; Sicurezza Avanzata<\/h5> <p  class=\"\">Proteggi il tuo VPS con Acronis Cyber Protection, che include:<br >\nBackup automatico<br >\nAnti-malware e protezione web<br >\nStrumenti avanzati per la sicurezza e il ripristino dei dati<\/p><\/div> <\/div><\/div> <\/div><\/div> <\/div><\/div>","protected":false},"excerpt":{"rendered":"<p>Cloud App su VPS Containerizzati Con RackOne puoi distribuire rapidamente le tue applicazioni grazie a un\u2019infrastruttura cloud flessibile e performante. Seleziona la tua Cloud App \u2013 da CMS a gestionali \u2013 e avviala in pochi secondi in ambiente container isolato, pronto all\u2019uso.Perch\u00e9 scegliere un VPS Linkwireelss Veloce ed Economico I nostri VPS offrono prestazioni elevate&hellip; <br \/> <a class=\"read-more\" href=\"https:\/\/www.lwaziende.it\/index.php\/cloud-app\/\">Leggi tutto<\/a><\/p>\n","protected":false},"author":1,"featured_media":0,"parent":0,"menu_order":0,"comment_status":"closed","ping_status":"closed","template":"pro\/page-templates\/full-width-page.php","meta":{"footnotes":""},"class_list":["post-883","page","type-page","status-publish","hentry"],"_links":{"self":[{"href":"https:\/\/www.lwaziende.it\/index.php\/wp-json\/wp\/v2\/pages\/883","targetHints":{"allow":["GET"]}}],"collection":[{"href":"https:\/\/www.lwaziende.it\/index.php\/wp-json\/wp\/v2\/pages"}],"about":[{"href":"https:\/\/www.lwaziende.it\/index.php\/wp-json\/wp\/v2\/types\/page"}],"author":[{"embeddable":true,"href":"https:\/\/www.lwaziende.it\/index.php\/wp-json\/wp\/v2\/users\/1"}],"replies":[{"embeddable":true,"href":"https:\/\/www.lwaziende.it\/index.php\/wp-json\/wp\/v2\/comments?post=883"}],"version-history":[{"count":3,"href":"https:\/\/www.lwaziende.it\/index.php\/wp-json\/wp\/v2\/pages\/883\/revisions"}],"predecessor-version":[{"id":1078,"href":"https:\/\/www.lwaziende.it\/index.php\/wp-json\/wp\/v2\/pages\/883\/revisions\/1078"}],"wp:attachment":[{"href":"https:\/\/www.lwaziende.it\/index.php\/wp-json\/wp\/v2\/media?parent=883"}],"curies":[{"name":"wp","href":"https:\/\/api.w.org\/{rel}","templated":true}]}}