{"id":882,"date":"2025-04-16T10:14:28","date_gmt":"2025-04-16T08:14:28","guid":{"rendered":"https:\/\/www.lwaziende.it\/?page_id=882"},"modified":"2025-04-26T12:09:07","modified_gmt":"2025-04-26T10:09:07","slug":"vps-windows","status":"publish","type":"page","link":"https:\/\/www.lwaziende.it\/index.php\/vps-windows\/","title":{"rendered":"VPS Windows"},"content":{"rendered":"<div  data-label=\"Pricing\" data-id=\"pricing--1\" data-export-id=\"pricing-1\" data-category=\"pricing\" data-featured-class=\"pricing-featured\" class=\"pricing-1 content-section content-section-spacing\" id=\"pricing-1\" style=\"background-color: rgb(255, 255, 255);\"><div  class=\"gridContainer\"> <div  class=\"row\"><div  data-type=\"column\" class=\"section-title-col\"> <h2  class=\"text-center\">Piani VPS Windows Unmanaged<\/h2> <p  class=\"lead\">I nostri piani VPS Linux Unmanaged offrono massima libert\u00e0 e controllo per utenti esperti e amministratori di sistema .<\/p><\/div> <\/div> <div  data-type=\"row\" class=\"row spaced-cols\"> <div  class=\"col-xs-12 col-sm-6 text-center col-md-4 \"> <div  class=\"card shadow-small rounded\" data-default=\"shadow-small\" data-featured=\"shadow-large\" data-type=\"column\"> <h3  class=\"font-300 upper\">VPS W1<\/h3> <h3  class=\"h1\">\u20ac29<\/h3> <p  class=\"small color1 custom-color\">per mese<\/p> <ul  data-default=\"no-class\" data-featured=\"strong\" class=\"unstyled checked decoration-color1 black text-center\"><li >2vCore<\/li><li >2GB<\/li><li >50GB<\/li><li >1TB<\/li><\/ul> <a  class=\"button upper y-move color1\" href=\"https:\/\/www.linkwireless.it\/index.php\/contatti\" data-default=\"color1\" data-featured=\"color2\" target=\"_self\" data-cp-link=\"1\" data-icon=\"\">Contattaci<\/a><\/div> <\/div>   <div  class=\"col-xs-12 col-sm-6 text-center col-md-4\"> <div  class=\"card shadow-small rounded\" data-default=\"shadow-small\" data-featured=\"shadow-large\" data-type=\"column\"> <h3  class=\"font-300 upper\">VPS W2<\/h3> <h3  class=\"h1\">\u20ac41<\/h3> <p  class=\"small color1 custom-color\">per mese<\/p> <ul  data-default=\"no-class\" data-featured=\"strong\" class=\"unstyled checked decoration-color1 black text-center\"><li >4vCore<\/li><li >4GB<\/li><li >80GB<\/li><li >2TB<\/li><\/ul> <a  class=\"button upper y-move color1\" href=\"https:\/\/www.linkwireless.it\/index.php\/contatti\" data-default=\"color1\" data-featured=\"color2\" target=\"_self\" data-cp-link=\"1\" data-icon=\"\">Contattaci<\/a><\/div> <\/div><div  class=\"col-xs-12 col-sm-6 text-center col-md-4\"> <div  class=\"card shadow-small rounded\" data-default=\"shadow-small\" data-featured=\"shadow-large\" data-type=\"column\"> <h3  class=\"font-300 upper\">VPS W3<\/h3> <h3  class=\"h1\">\u20ac56<\/h3> <p  class=\"small color1 custom-color\">per mese<\/p> <ul  data-default=\"no-class\" data-featured=\"strong\" class=\"unstyled checked decoration-color1 black text-center\"><li >4vCore<\/li><li >4GB<\/li><li >160GB<\/li><li >4TB<\/li><\/ul> <a  class=\"button upper y-move color1\" href=\"https:\/\/www.linkwireless.it\/index.php\/contatti\" data-default=\"color1\" data-featured=\"color2\" target=\"_self\" data-cp-link=\"1\" data-icon=\"\">Contattaci<\/a><\/div> <\/div><div  class=\"col-xs-12 col-sm-6 text-center col-md-4\"> <div  class=\"card shadow-small rounded\" data-default=\"shadow-small\" data-featured=\"shadow-large\" data-type=\"column\"> <h3  class=\"font-300 upper\">VPS W4<\/h3> <h3  class=\"h1\">\u20ac108<\/h3> <p  class=\"small color1 custom-color\">per mese<\/p> <ul  data-default=\"no-class\" data-featured=\"strong\" class=\"unstyled checked decoration-color1 black text-center\"><li >8vCore<\/li><li >16GB<\/li><li >320GB<\/li><li >Illimitato<\/li><\/ul> <a  class=\"button upper y-move color1\" href=\"https:\/\/www.linkwireless.it\/index.php\/contatti\" data-default=\"color1\" data-featured=\"color2\" target=\"_self\" data-cp-link=\"1\" data-icon=\"\">Contattaci<\/a><\/div> <\/div><div  class=\"col-xs-12 col-sm-6 text-center col-md-4\"> <div  class=\"card shadow-small rounded\" data-default=\"shadow-small\" data-featured=\"shadow-large\" data-type=\"column\"> <h3  class=\"font-300 upper\">VPS W5<\/h3> <h3  class=\"h1\">\u20ac132<\/h3> <p  class=\"small color1 custom-color\">per mese<\/p> <ul  data-default=\"no-class\" data-featured=\"strong\" class=\"unstyled checked decoration-color1 black text-center\"><li >8vCore<\/li><li >32GB<\/li><li >450GB<\/li><li >Illimitato<\/li><\/ul> <a  class=\"button upper y-move color1\" href=\"https:\/\/www.linkwireless.it\/index.php\/contatti\" data-default=\"color1\" data-featured=\"color2\" target=\"_self\" data-cp-link=\"1\" data-icon=\"\">Contattaci<\/a><\/div> <\/div><\/div> <\/div><\/div><div  data-label=\"Pricing\" data-id=\"pricing--2\" data-export-id=\"pricing-1\" data-category=\"pricing\" data-featured-class=\"pricing-featured\" class=\"pricing-1 content-section content-section-spacing\" id=\"pricing-2\" style=\"background-color: rgb(245, 250, 253);\"><div  class=\"gridContainer\"> <div  class=\"row\"><div  data-type=\"column\" class=\"section-title-col\"> <h2  class=\"text-center\">Piani VPS Windows Managed<\/h2> <p  class=\"lead\">Il servizio VPS Manages include il Servizio Assisitito.<\/p><\/div> <\/div> <div  data-type=\"row\" class=\"row spaced-cols\"> <div  class=\"col-xs-12 col-sm-6 col-md-3 text-center \"> <div  class=\"card shadow-small rounded\" data-default=\"shadow-small\" data-featured=\"shadow-large\" data-type=\"column\"> <h3  class=\"font-300 upper\">VPS W1<\/h3> <h3  class=\"h1\">\u20ac198<\/h3> <p  class=\"small color1 custom-color\">per mese<\/p> <ul  data-default=\"no-class\" data-featured=\"strong\" class=\"unstyled checked decoration-color1 black text-center\"><li >2 vCore<\/li><li >2GB<\/li><li >50GB<\/li><li >1TB<\/li><\/ul> <a  class=\"button upper y-move color1\" href=\"https:\/\/www.linkwireless.it\/index.php\/contatti\" data-default=\"color1\" data-featured=\"color2\" target=\"_self\" data-cp-link=\"1\" data-icon=\"\">Contattaci<\/a><\/div> <\/div>   <div  class=\"col-xs-12 col-sm-6 col-md-3 text-center\"> <div  class=\"card shadow-small rounded\" data-default=\"shadow-small\" data-featured=\"shadow-large\" data-type=\"column\"> <h3  class=\"font-300 upper\">VPS W2<\/h3> <h3  class=\"h1\">\u20ac210<\/h3> <p  class=\"small color1 custom-color\">per mese<\/p> <ul  data-default=\"no-class\" data-featured=\"strong\" class=\"unstyled checked decoration-color1 black text-center\"><li >4 vCore<\/li><li >4GB<\/li><li >80GB<\/li><li >2TB<\/li><\/ul> <a  class=\"button upper y-move color1\" href=\"https:\/\/www.linkwireless.it\/index.php\/contatti\" data-default=\"color1\" data-featured=\"color2\" target=\"_self\" data-cp-link=\"1\" data-icon=\"\">Contattaci<\/a><\/div> <\/div><div  class=\"col-xs-12 col-sm-6 col-md-3 text-center\"> <div  class=\"card shadow-small rounded\" data-default=\"shadow-small\" data-featured=\"shadow-large\" data-type=\"column\"> <h3  class=\"font-300 upper\">VPS W3<\/h3> <h3  class=\"h1\">\u20ac225<\/h3> <p  class=\"small color1 custom-color\">per mese<\/p> <ul  data-default=\"no-class\" data-featured=\"strong\" class=\"unstyled checked decoration-color1 black text-center\"><li >4 vCore<\/li><li >8GB<\/li><li >160GB<\/li><li >4TB<\/li><\/ul> <a  class=\"button upper y-move color1\" href=\"https:\/\/www.linkwireless.it\/index.php\/contatti\" data-default=\"color1\" data-featured=\"color2\" target=\"_self\" data-cp-link=\"1\" data-icon=\"\">Contattaci<\/a><\/div> <\/div><div  class=\"col-xs-12 col-sm-6 col-md-3 text-center\"> <div  class=\"card shadow-small rounded\" data-default=\"shadow-small\" data-featured=\"shadow-large\" data-type=\"column\"> <h3  class=\"font-300 upper\">VPS W4<\/h3> <h3  class=\"h1\">\u20ac277<\/h3> <p  class=\"small color1 custom-color\">per mese<\/p> <ul  data-default=\"no-class\" data-featured=\"strong\" class=\"unstyled checked decoration-color1 black text-center\"><li >8 vCore<\/li><li >16GB<\/li><li >320GB<\/li><li >Illimitato<\/li><\/ul> <a  class=\"button upper y-move color1\" href=\"https:\/\/www.linkwireless.it\/index.php\/contatti\" data-default=\"color1\" data-featured=\"color2\" target=\"_self\" data-cp-link=\"1\" data-icon=\"\">Contattaci<\/a><\/div> <\/div><div  class=\"col-xs-12 col-sm-6 col-md-3 text-center\"> <div  class=\"card shadow-small rounded\" data-default=\"shadow-small\" data-featured=\"shadow-large\" data-type=\"column\"> <h3  class=\"font-300 upper\">VPS W5<\/h3> <h3  class=\"h1\">\u20ac301<\/h3> <p  class=\"small color1 custom-color\">per mese<\/p> <ul  data-default=\"no-class\" data-featured=\"strong\" class=\"unstyled checked decoration-color1 black text-center\"><li >8 vCore<\/li><li >32GB<\/li><li >450GB<\/li><li >Illimitato<\/li><\/ul> <a  class=\"button upper y-move color1\" href=\"https:\/\/www.linkwireless.it\/index.php\/contatti\" data-default=\"color1\" data-featured=\"color2\" target=\"_self\" data-cp-link=\"1\" data-icon=\"\">Contattaci<\/a><\/div> <\/div><\/div> <\/div><\/div><div  data-label=\"Overlappable\" data-id=\"overlappable--1\" data-export-id=\"overlappable-1\" data-category=\"overlappable\" class=\"overlappable-1 content-section content-section-spacing\" data-overlap=\"true\" id=\"overlappable-1\" style=\"background-color: rgb(255, 255, 255);\"><div  class=\"gridContainer\"> <div  data-type=\"row\" class=\"row shadow-medium\"><div  data-type=\"column\" class=\"col-xs-12 col-sm-4 flexcol bg-color-white col-padding col-padding-small-xs\"> <i  class=\"fa icon fa-forumbee color2\"><\/i> <h5  class=\"\">Assistenza e supporto dedicato<\/h5> <p  class=\"\">Assistenza telefonica e via email erogata direttamente dal nostro team di specialisti. Il nostro team \u00e8 attivo 24 ore su 24 per 365 giorni all\u2019anno per garantire la massima operativit\u00e0 dell\u2019infrastruttura e garantire la massima efficienza operativa.<\/p> <\/div> <div  data-type=\"column\" class=\"col-xs-12 col-sm-4 flexcol bg-color2 col-padding col-padding-small-xs inverted\"><i  class=\"fa icon fa-cubes white\"><\/i> <h5  class=\"inverted\">Pannello di Gestione<\/h5> <p  class=\"\">Tramite la tua area riservata potrai gestire in completa autonomia il tuo server virtuale, avrai a disposizione le funzioni di Start, Stop, Reboot, Console noVNC ecc.<br >\nPotrai inoltre monitorare i parametri principali del tuo servizio VPS.<\/p> <\/div> <div  data-type=\"column\" class=\"col-xs-12 col-sm-4 flexcol bg-color6 col-padding col-padding-small-xs inverted\"><i  class=\"fa icon fa-paper-plane color3\"><\/i> <h5  class=\"inverted\">Opzione Managed<\/h5> <p  class=\"\">Con l\u2019opzione managed un nostro Specalista gestir\u00e0 il server per te, configurando il sistema operativo Linux o Windows secondo le tue esigenze, installer\u00e0 il software che desideri e risponder\u00e0 alle tue richieste.<br >\nSeleziona questo servizio e pensa solo al tuo business del resto ci occupiamo noi.<\/p> <\/div> <div  data-type=\"column\" class=\"col-xs-12 col-sm-4 flexcol bg-color-white col-padding col-padding-small-xs\"> <i  class=\"fa icon fa-forumbee color2\"><\/i> <h5  class=\"\"><\/h5> <h6 class=\"\" >Traffico illimitato<\/h6><p  class=\"\">Tutti i nostri servizi VPS includono il traffico illimitato, questo significa che potrai ospitare applicazioni o servizi ad alto traffico, non dovrai preoccuparti non c\u2019\u00e8 nessun costo aggiuntivo a sorpresa.<\/p> <\/div><div  data-type=\"column\" class=\"col-xs-12 col-sm-4 flexcol bg-color-white col-padding col-padding-small-xs\"> <i  class=\"fa icon fa-forumbee color2\"><\/i> <h5  class=\"\">\u00c8 possibile acquistare una licenza&nbsp;<\/h5> <p  class=\"\">\u00c8 possibile acquistare una licenza cPanel o Plesk inclusa nel tuo servizio VPS. Tramite questa opzione potrai gestire i servizi di WebHosting, posta elettronica per i tuoi clienti in modo semplice e efficiente.<\/p> <\/div><div  data-type=\"column\" class=\"col-xs-12 col-sm-4 flexcol bg-color-white col-padding col-padding-small-xs\"> <i  class=\"fa icon fa-forumbee color2\"><\/i> <h5  class=\"\">Opzione Backup e Sicurezza<\/h5> <p  class=\"\">Sono disponibili opzioni per proteggere il tuo Virtual Private Server, tramite i servizi Acronis Cyber Protection sar\u00e0 possibile gestire il Backup, anti Malware, Web Protectione e molto altro.<\/p> <\/div><\/div><\/div> <\/div><div data-label=\"Features\" data-id=\"features--1\" data-export-id=\"features-16\" data-category=\"features\" class=\"features-16 content-section content-section-spacing\" id=\"features-1\"  style=\"background-color: rgb(245, 250, 253);\"><div class=\"gridContainer\" > <div class=\"row text-center\" ><div class=\"section-title-col\" data-type=\"column\" > <h2 class=\"\" >Prestazioni e Connettivit\u00e0 al Massimo<\/h2> <p class=\"lead\" >Caratteristiche principali<br >\nSistema operativo Windows preinstallato<br >\nServer pronti all\u2019uso con licenze ufficiali.<br >\nAmpia gamma di soluzioni<br >\nDalle configurazioni economiche fino a VPS avanzati full option, per soddisfare ogni esigenza.<br >\nServizio scalabile<br >\nPossibilit\u00e0 di aumentare risorse hardware (CPU, RAM, Storage) in base alla crescita del tuo progetto.<br >\nAggiunta licenze su richiesta<br >\n\u00c8 possibile integrare licenze CAL e Microsoft Office direttamente nel servizio.<br >\nTraffico illimitato<br >\nNessun limite al trasferimento dati, per lavorare senza pensieri.<\/p><\/div> <\/div> <div class=\"row spaced-cols\" data-type=\"row\" >  <div class=\"col-xs-12 col-sm-6 col-md-4 space-bottom\" >  <div data-type=\"column\" class=\"col-padding-small col-padding-small-xs description-container\" >   <\/div> <\/div> <\/div> <\/div><\/div>","protected":false},"excerpt":{"rendered":"<p>Piani VPS Windows Unmanaged I nostri piani VPS Linux Unmanaged offrono massima libert\u00e0 e controllo per utenti esperti e amministratori di sistema . VPS W1 \u20ac29 per mese 2vCore2GB50GB1TB Contattaci VPS W2 \u20ac41 per mese 4vCore4GB80GB2TB Contattaci VPS W3 \u20ac56 per mese 4vCore4GB160GB4TB Contattaci VPS W4 \u20ac108 per mese 8vCore16GB320GBIllimitato Contattaci VPS W5 \u20ac132 per&hellip; <br \/> <a class=\"read-more\" href=\"https:\/\/www.lwaziende.it\/index.php\/vps-windows\/\">Leggi tutto<\/a><\/p>\n","protected":false},"author":1,"featured_media":0,"parent":0,"menu_order":0,"comment_status":"closed","ping_status":"closed","template":"pro\/page-templates\/full-width-page.php","meta":{"footnotes":""},"class_list":["post-882","page","type-page","status-publish","hentry"],"_links":{"self":[{"href":"https:\/\/www.lwaziende.it\/index.php\/wp-json\/wp\/v2\/pages\/882","targetHints":{"allow":["GET"]}}],"collection":[{"href":"https:\/\/www.lwaziende.it\/index.php\/wp-json\/wp\/v2\/pages"}],"about":[{"href":"https:\/\/www.lwaziende.it\/index.php\/wp-json\/wp\/v2\/types\/page"}],"author":[{"embeddable":true,"href":"https:\/\/www.lwaziende.it\/index.php\/wp-json\/wp\/v2\/users\/1"}],"replies":[{"embeddable":true,"href":"https:\/\/www.lwaziende.it\/index.php\/wp-json\/wp\/v2\/comments?post=882"}],"version-history":[{"count":7,"href":"https:\/\/www.lwaziende.it\/index.php\/wp-json\/wp\/v2\/pages\/882\/revisions"}],"predecessor-version":[{"id":1072,"href":"https:\/\/www.lwaziende.it\/index.php\/wp-json\/wp\/v2\/pages\/882\/revisions\/1072"}],"wp:attachment":[{"href":"https:\/\/www.lwaziende.it\/index.php\/wp-json\/wp\/v2\/media?parent=882"}],"curies":[{"name":"wp","href":"https:\/\/api.w.org\/{rel}","templated":true}]}}