{"id":880,"date":"2025-04-16T10:14:28","date_gmt":"2025-04-16T08:14:28","guid":{"rendered":"https:\/\/www.lwaziende.it\/?page_id=880"},"modified":"2025-04-17T18:31:41","modified_gmt":"2025-04-17T16:31:41","slug":"vps","status":"publish","type":"page","link":"https:\/\/www.lwaziende.it\/index.php\/vps\/","title":{"rendered":"VPS Linux"},"content":{"rendered":"<div  data-label=\"Pricing\" data-id=\"pricing--1\" data-export-id=\"pricing-1\" data-category=\"pricing\" data-featured-class=\"pricing-featured\" class=\"pricing-1 content-section content-section-spacing\" id=\"pricing-1\" style=\"background-color: rgb(255, 255, 255);\"><div  class=\"gridContainer\"> <div  class=\"row\"><div  data-type=\"column\" class=\"section-title-col\"> <h2  class=\"text-center\">Piani VPS Linux Unmanaged<\/h2> <p  class=\"lead\">I nostri piani VPS Linux Unmanaged offrono massima libert\u00e0 e controllo per utenti esperti e amministratori di sistema .<\/p><\/div> <\/div> <div  data-type=\"row\" class=\"row spaced-cols\"> <div  class=\"col-xs-12 col-sm-6 text-center col-md-4 \"> <div  class=\"card shadow-small rounded\" data-default=\"shadow-small\" data-featured=\"shadow-large\" data-type=\"column\"> <h3  class=\"font-300 upper\">VPS U1<\/h3>   <h6  class=\"\">\u20ac 7\/mese<\/h6><ul  data-default=\"no-class\" data-featured=\"strong\" class=\"unstyled checked decoration-color1 black text-center\"><li >1 vCore<\/li><li >1 GB RAM<\/li><li >25 GB SSD <\/li><li >Traffico Illimitato<\/li><\/ul> <a  class=\"button upper y-move color1\" href=\"https:\/\/www.lwaziende.it\/index.php\/contattaci\" data-default=\"color1\" data-featured=\"color2\" target=\"_self\" data-cp-link=\"1\" data-icon=\"\">Contattaci<\/a><\/div> <\/div>   <div  class=\"col-xs-12 col-sm-6 text-center col-md-4 \"> <div  class=\"card shadow-small rounded\" data-default=\"shadow-small\" data-featured=\"shadow-large\" data-type=\"column\"> <h3  class=\"font-300 upper\">VPS U2<\/h3>   <h6  class=\"\">\u20ac 17\/mese<\/h6><ul  data-default=\"no-class\" data-featured=\"strong\" class=\"unstyled checked decoration-color1 black text-center\"><li >2 vCore<\/li><li >2 GB RAM<\/li><li >50 GB SSD <\/li><li >Traffico Illimitato<\/li><\/ul> <a  class=\"button upper y-move color1\" href=\"https:\/\/www.lwaziende.it\/index.php\/contattaci\" data-default=\"color1\" data-featured=\"color2\" target=\"_self\" data-cp-link=\"1\" data-icon=\"\">Contattaci<\/a><\/div> <\/div><div  class=\"col-xs-12 col-sm-6 text-center col-md-4 \"> <div  class=\"card shadow-small rounded\" data-default=\"shadow-small\" data-featured=\"shadow-large\" data-type=\"column\"> <h3  class=\"font-300 upper\">VPS U3<\/h3>   <h6  class=\"\">\u20ac 29\/mese<\/h6><ul  data-default=\"no-class\" data-featured=\"strong\" class=\"unstyled checked decoration-color1 black text-center\"><li >4 vCore<\/li><li >4 GB RAM<\/li><li >80 GB SSD <\/li><li >Traffico Illimitato<\/li><\/ul> <a  class=\"button upper y-move color1\" href=\"https:\/\/www.lwaziende.it\/index.php\/contattaci\" data-default=\"color1\" data-featured=\"color2\" target=\"_self\" data-cp-link=\"1\" data-icon=\"\">Contattaci<\/a><\/div> <\/div><div  class=\"col-xs-12 col-sm-6 text-center col-md-4 \"> <div  class=\"card shadow-small rounded\" data-default=\"shadow-small\" data-featured=\"shadow-large\" data-type=\"column\"> <h3  class=\"font-300 upper\">VPS U4<\/h3>   <h6  class=\"\">\u20ac 44\/mese<\/h6><ul  data-default=\"no-class\" data-featured=\"strong\" class=\"unstyled checked decoration-color1 black text-center\"><li >4 vCore<\/li><li >8 GB RAM<\/li><li >160 GB SSD <\/li><li >Traffico Illimitato<\/li><\/ul> <a  class=\"button upper y-move color1\" href=\"https:\/\/www.lwaziende.it\/index.php\/contattaci\" data-default=\"color1\" data-featured=\"color2\" target=\"_self\" data-cp-link=\"1\" data-icon=\"\">Contattaci<\/a><\/div> <\/div><div  class=\"col-xs-12 col-sm-6 text-center col-md-4 \"> <div  class=\"card shadow-small rounded\" data-default=\"shadow-small\" data-featured=\"shadow-large\" data-type=\"column\"> <h3  class=\"font-300 upper\">VPS U5<\/h3>   <h6  class=\"\">\u20ac 96\/mese<\/h6><ul  data-default=\"no-class\" data-featured=\"strong\" class=\"unstyled checked decoration-color1 black text-center\"><li >8 vCore<\/li><li >16 GB RAM<\/li><li >320 GB SSD <\/li><li >Traffico Illimitato<\/li><\/ul> <a  class=\"button upper y-move color1\" href=\"https:\/\/www.lwaziende.it\/index.php\/contattaci\" data-default=\"color1\" data-featured=\"color2\" target=\"_self\" data-cp-link=\"1\" data-icon=\"\">Contattaci<\/a><\/div> <\/div><\/div> <\/div><\/div><div  data-label=\"Pricing\" data-id=\"pricing--2\" data-export-id=\"pricing-1\" data-category=\"pricing\" data-featured-class=\"pricing-featured\" class=\"pricing-1 content-section content-section-spacing\" id=\"pricing-2\" style=\"background-color: rgb(245, 250, 253);\"><div  class=\"gridContainer\"> <div  class=\"row\"><div  data-type=\"column\" class=\"section-title-col\"> <h2  class=\"text-center\">Piani VPS Linux Managed<\/h2> <p  class=\"lead\">Il servizio VPS Manages include il Servizio Managed Server.<\/p><\/div> <\/div> <div  data-type=\"row\" class=\"row spaced-cols\"> <div  class=\"col-xs-12 col-sm-6 text-center col-md-4 \"> <div  class=\"card shadow-small rounded\" data-default=\"shadow-small\" data-featured=\"shadow-large\" data-type=\"column\"> <h3  class=\"font-300 upper\">VPS U1<\/h3> <h6  class=\"\">\u20ac 176\/mese<\/h6>  <ul  data-default=\"no-class\" data-featured=\"strong\" class=\"unstyled checked decoration-color1 black text-center\"><li >1 vCore<\/li><li >1 GB RAM<\/li><li >25 GB SSD<\/li><li >1TB Traffico<\/li><\/ul> <a  class=\"button upper y-move color1\" href=\"https:\/\/www.lwaziende.it\/index.php\/contattaci\" data-default=\"color1\" data-featured=\"color2\" target=\"_self\" data-cp-link=\"1\" data-icon=\"\">Contattaci<\/a><\/div> <\/div>   <div  class=\"col-xs-12 col-sm-6 text-center col-md-4\"> <div  class=\"card shadow-small rounded\" data-default=\"shadow-small\" data-featured=\"shadow-large\" data-type=\"column\"> <h3  class=\"font-300 upper\">VPS U2<\/h3> <h6  class=\"\">\u20ac 186\/mese<\/h6>  <ul  data-default=\"no-class\" data-featured=\"strong\" class=\"unstyled checked decoration-color1 black text-center\"><li >2 vCore<\/li><li >2 GB RAM<\/li><li >50 GB SSD<\/li><li >2TB Traffico<\/li><\/ul> <a  class=\"button upper y-move color1\" href=\"https:\/\/www.lwaziende.it\/index.php\/contattaci\" data-default=\"color1\" data-featured=\"color2\" target=\"_self\" data-cp-link=\"1\" data-icon=\"\">Contattaci<\/a><\/div> <\/div><div  class=\"col-xs-12 col-sm-6 text-center col-md-4\"> <div  class=\"card shadow-small rounded\" data-default=\"shadow-small\" data-featured=\"shadow-large\" data-type=\"column\"> <h3  class=\"font-300 upper\">VPS U3<\/h3> <h6  class=\"\">\u20ac 198\/mese<\/h6>  <ul  data-default=\"no-class\" data-featured=\"strong\" class=\"unstyled checked decoration-color1 black text-center\"><li >4 vCore<\/li><li >4 GB RAM<\/li><li >80 GB SSD<\/li><li >4TB Traffico<\/li><\/ul> <a  class=\"button upper y-move color1\" href=\"https:\/\/www.lwaziende.it\/index.php\/contattaci\" data-default=\"color1\" data-featured=\"color2\" target=\"_self\" data-cp-link=\"1\" data-icon=\"\">Contattaci<\/a><\/div> <\/div><div  class=\"col-xs-12 col-sm-6 text-center col-md-4\"> <div  class=\"card shadow-small rounded\" data-default=\"shadow-small\" data-featured=\"shadow-large\" data-type=\"column\"> <h3  class=\"font-300 upper\">VPS U4<\/h3> <h6  class=\"\">\u20ac 213\/mese<\/h6>  <ul  data-default=\"no-class\" data-featured=\"strong\" class=\"unstyled checked decoration-color1 black text-center\"><li >4 vCore<\/li><li >8 GB RAM<\/li><li >160 GB SSD<\/li><li >Traffico Illimitato<\/li><\/ul> <a  class=\"button upper y-move color1\" href=\"https:\/\/www.lwaziende.it\/index.php\/contattaci\" data-default=\"color1\" data-featured=\"color2\" target=\"_self\" data-cp-link=\"1\" data-icon=\"\">Contattaci<\/a><\/div> <\/div><div  class=\"col-xs-12 col-sm-6 text-center col-md-4\"> <div  class=\"card shadow-small rounded\" data-default=\"shadow-small\" data-featured=\"shadow-large\" data-type=\"column\"> <h3  class=\"font-300 upper\">VPS U5<\/h3> <h6  class=\"\">\u20ac 265\/mese<\/h6>  <ul  data-default=\"no-class\" data-featured=\"strong\" class=\"unstyled checked decoration-color1 black text-center\"><li >8 vCore<\/li><li >16 GB RAM<\/li><li >329 GB SSD<\/li><li >Traffico Illimitato<\/li><\/ul> <a  class=\"button upper y-move color1\" href=\"https:\/\/www.lwaziende.it\/index.php\/contattaci\" data-default=\"color1\" data-featured=\"color2\" target=\"_self\" data-cp-link=\"1\" data-icon=\"\">Contattaci<\/a><\/div> <\/div><\/div> <\/div><\/div><div data-label=\"Overlappable\" data-id=\"overlappable--1\" data-export-id=\"overlappable-1\" data-category=\"overlappable\" class=\"overlappable-1 content-section content-section-spacing\" data-overlap=\"true\" id=\"overlappable-1\"  style=\"background-color: rgb(255, 255, 255);\"><div class=\"gridContainer\" > <div data-type=\"row\" class=\"row shadow-medium\" ><div data-type=\"column\" class=\"col-xs-12 col-sm-4 flexcol bg-color-white col-padding col-padding-small-xs\" > <i class=\"fa icon fa-forumbee color2\" ><\/i> <h5 class=\"\" >Assistenza e supporto dedicato<\/h5> <p class=\"\" >Assistenza telefonica e via email erogata direttamente dal nostro team di specialisti. Il nostro team \u00e8 attivo 24 ore su 24 per 365 giorni all\u2019anno per garantire la massima operativit\u00e0 dell\u2019infrastruttura e garantire la massima efficienza operativa.<\/p> <\/div> <div data-type=\"column\" class=\"col-xs-12 col-sm-4 flexcol bg-color2 col-padding col-padding-small-xs inverted\" ><i class=\"fa icon fa-cubes white\" ><\/i> <h5 class=\"inverted\" >Pannello di Gestione<\/h5> <p class=\"\" >Tramite la tua area riservata potrai gestire in completa autonomia il tuo server virtuale, avrai a disposizione le funzioni di Start, Stop, Reboot, Console noVNC ecc.<br >\nPotrai inoltre monitorare i parametri principali del tuo servizio VPS.<\/p> <\/div> <div data-type=\"column\" class=\"col-xs-12 col-sm-4 flexcol col-padding col-padding-small-xs inverted bg-color6\" ><i class=\"fa icon fa-paper-plane color3\" ><\/i> <h5 class=\"inverted\" >Opzione Managed<\/h5> <p class=\"\" >Con l\u2019opzione managed un nostro Specalista gestir\u00e0 il server per te, configurando il sistema operativo Linux o Windows secondo le tue esigenze, installer\u00e0 il software che desideri e risponder\u00e0 alle tue richieste.<br >\nSeleziona questo servizio e pensa solo al tuo business del resto ci occupiamo noi.<\/p> <\/div> <div data-type=\"column\" class=\"col-xs-12 col-sm-4 flexcol col-padding col-padding-small-xs bg-color-white\" > <i class=\"fa icon fa-forumbee color2\" ><\/i> <h5 class=\"\" >Traffico illimitato<\/h5> <p class=\"\" >Tutti i nostri servizi VPS includono il traffico illimitato, questo significa che potrai ospitare applicazioni o servizi ad alto traffico, non dovrai preoccuparti non c\u2019\u00e8 nessun costo aggiuntivo a sorpresa.<\/p> <\/div><div data-type=\"column\" class=\"col-xs-12 col-sm-4 flexcol col-padding col-padding-small-xs bg-color-white\" > <i class=\"fa icon fa-forumbee color2\" ><\/i> <h5 class=\"\" >Pannello Web<\/h5> <p class=\"\" >\u00c8 possibile acquistare una licenza cPanel o Plesk inclusa nel tuo servizio VPS. Tramite questa opzione potrai gestire i servizi di WebHosting, posta elettronica per i tuoi clienti in modo semplice e efficiente.<\/p> <\/div><div data-type=\"column\" class=\"col-xs-12 col-sm-4 flexcol col-padding col-padding-small-xs bg-color-white\" > <i class=\"fa icon fa-forumbee color2\" ><\/i> <h5 class=\"\" >Opzione Backup e Sicurezza<\/h5> <p class=\"\" >Sono disponibili opzioni per proteggere il tuo Virtual Private Server, tramite i servizi Acronis Cyber Protection sar\u00e0 possibile gestire il Backup, anti Malware, Web Protectione e molto altro.<\/p> <\/div><\/div><\/div> <\/div><div data-label=\"Content\" data-id=\"content--1\" data-export-id=\"content-12\" data-category=\"content\" class=\"content-12 content-section content-section-spacing\" id=\"content-1\"  style=\"background-color: rgb(245, 250, 253);\"><div class=\"gridContainer\" > <div class=\"row text-center\" ><div class=\"section-title-col\" data-type=\"column\" > <h2 class=\"\" >VPS Cloud \u2013 Prestazioni, Affidabilit\u00e0 e Flessibilit\u00e0<\/h2> <p class=\"lead\" ><\/p><p data-start=\"267\" data-end=\"483\" class=\"\" >I <strong data-start=\"269\" data-end=\"289\" >server VPS Cloud<\/strong> offerti da Linkwireless si basano sulle pi\u00f9 avanzate tecnologie di virtualizzazione, con <strong data-start=\"374\" data-end=\"420\" >processori e storage di ultima generazione<\/strong> per garantire <strong data-start=\"435\" data-end=\"482\" >massime performance, velocit\u00e0 e scalabilit\u00e0<\/strong>.<\/p>\n<p data-start=\"485\" data-end=\"717\" class=\"\" >Grazie alla nostra infrastruttura, interamente ospitata in <strong data-start=\"544\" data-end=\"568\" >datacenter in Italia<\/strong>, possiamo offrire soluzioni VPS <strong data-start=\"601\" data-end=\"632\" >personalizzate e flessibili<\/strong>, ideali per ogni tipo di esigenza: dallo sviluppatore freelance alla grande azienda.<\/p>\n<hr data-start=\"719\" data-end=\"722\" class=\"\" >\n<h3 data-start=\"724\" data-end=\"761\" class=\"\" ><img decoding=\"async\" draggable=\"false\" role=\"img\" class=\"emoji\" alt=\"\ud83d\udd27\" src=\"https:\/\/s.w.org\/images\/core\/emoji\/15.0.3\/svg\/1f527.svg\" > Piani VPS: Unmanaged o Managed<br ><strong data-start=\"765\" data-end=\"782\"  style=\"font-size: 1.2rem; font-family: &quot;Open Sans&quot;, Helvetica, Arial, sans-serif;\">VPS Unmanaged<\/strong><span style=\"font-size: 1.2rem; font-weight: 300; font-family: &quot;Open Sans&quot;, Helvetica, Arial, sans-serif;\" >: controllo completo, con solo il sistema operativo preinstallato.<\/span><strong data-start=\"851\" data-end=\"866\"  style=\"font-size: 1.2rem; font-family: &quot;Open Sans&quot;, Helvetica, Arial, sans-serif;\">VPS Managed<\/strong><span style=\"font-size: 1.2rem; font-weight: 300; font-family: &quot;Open Sans&quot;, Helvetica, Arial, sans-serif;\" >: ci occupiamo noi della gestione completa del server: setup, configurazione, aggiornamenti e ottimizzazione.<\/span><\/h3>\n<h3 data-start=\"982\" data-end=\"1014\" class=\"\"  style=\"text-align: center;\"><img decoding=\"async\" draggable=\"false\" role=\"img\" class=\"emoji\" alt=\"\u2705\" src=\"https:\/\/s.w.org\/images\/core\/emoji\/15.0.3\/svg\/2705.svg\" > Caratteristiche principali<br ><strong data-start=\"1018\" data-end=\"1041\"  style=\"font-size: 1.2rem; font-family: &quot;Open Sans&quot;, Helvetica, Arial, sans-serif;\">Traffico illimitato<\/strong><span style=\"font-size: 1.2rem; font-weight: 300; font-family: &quot;Open Sans&quot;, Helvetica, Arial, sans-serif;\" > incluso in tutti i piani<\/span><strong data-start=\"1069\" data-end=\"1084\"  style=\"font-size: 1.2rem; font-family: &quot;Open Sans&quot;, Helvetica, Arial, sans-serif;\">Storage SSD<\/strong><span style=\"font-size: 1.2rem; font-weight: 300; font-family: &quot;Open Sans&quot;, Helvetica, Arial, sans-serif;\" > per lettura\/scrittura ultra veloce<\/span><strong data-start=\"1122\" data-end=\"1154\"  style=\"font-size: 1.2rem; font-family: &quot;Open Sans&quot;, Helvetica, Arial, sans-serif;\">Risorse dedicate e scalabili<\/strong><span style=\"font-size: 1.2rem; font-weight: 300; font-family: &quot;Open Sans&quot;, Helvetica, Arial, sans-serif;\" > in qualsiasi momento<\/span><strong data-start=\"1178\" data-end=\"1205\"  style=\"font-size: 1.2rem; font-family: &quot;Open Sans&quot;, Helvetica, Arial, sans-serif;\">Assistenza tecnica 24\/7<\/strong><span style=\"font-size: 1.2rem; font-weight: 300; font-family: &quot;Open Sans&quot;, Helvetica, Arial, sans-serif;\" >, veloce e professionale<\/span><strong data-start=\"1232\" data-end=\"1252\"  style=\"font-size: 1.2rem; font-family: &quot;Open Sans&quot;, Helvetica, Arial, sans-serif;\">Uptime garantito<\/strong><span style=\"font-size: 1.2rem; font-weight: 300; font-family: &quot;Open Sans&quot;, Helvetica, Arial, sans-serif;\" > per una presenza online sempre attiva<\/span><strong data-start=\"1293\" data-end=\"1328\"  style=\"font-size: 1.2rem; font-family: &quot;Open Sans&quot;, Helvetica, Arial, sans-serif;\">Pannello di controllo intuitivo<\/strong><span style=\"font-size: 1.2rem; font-weight: 300; font-family: &quot;Open Sans&quot;, Helvetica, Arial, sans-serif;\" > per una gestione semplificata<\/span><\/h3>\n<h3 data-start=\"1365\" data-end=\"1397\" class=\"\"  style=\"text-align: center;\"><img decoding=\"async\" draggable=\"false\" role=\"img\" class=\"emoji\" alt=\"\ud83d\udee1\ufe0f\" src=\"https:\/\/s.w.org\/images\/core\/emoji\/15.0.3\/svg\/1f6e1.svg\" > Sicurezza e Affidabilit\u00e0<br ><span style=\"font-size: 1.2rem; font-weight: 300; font-family: &quot;Open Sans&quot;, Helvetica, Arial, sans-serif;\" >VPS protetti da <\/span><strong data-start=\"1417\" data-end=\"1450\"  style=\"font-size: 1.2rem; font-family: &quot;Open Sans&quot;, Helvetica, Arial, sans-serif;\">sistemi di sicurezza avanzati<\/strong><strong data-start=\"1453\" data-end=\"1478\"  style=\"font-size: 1.2rem; font-family: &quot;Open Sans&quot;, Helvetica, Arial, sans-serif;\">Monitoraggio costante<\/strong><span style=\"font-size: 1.2rem; font-weight: 300; font-family: &quot;Open Sans&quot;, Helvetica, Arial, sans-serif;\" > dell\u2019infrastruttura<\/span><strong data-start=\"1501\" data-end=\"1550\"  style=\"font-size: 1.2rem; font-family: &quot;Open Sans&quot;, Helvetica, Arial, sans-serif;\">Backup automatici e firewall personalizzabili<\/strong><span style=\"font-size: 1.2rem; font-weight: 300; font-family: &quot;Open Sans&quot;, Helvetica, Arial, sans-serif;\" >Migrazione gratuita da altri provider, senza downtime<\/span><\/h3>\n<h3 data-start=\"1613\" data-end=\"1636\" class=\"\"  style=\"text-align: center;\"><img decoding=\"async\" draggable=\"false\" role=\"img\" class=\"emoji\" alt=\"\ud83c\udfaf\" src=\"https:\/\/s.w.org\/images\/core\/emoji\/15.0.3\/svg\/1f3af.svg\" > A chi \u00e8 rivolto?<br ><strong data-start=\"1640\" data-end=\"1647\"  style=\"font-size: 1.2rem; font-family: &quot;Open Sans&quot;, Helvetica, Arial, sans-serif;\">PMI<\/strong><span style=\"font-size: 1.2rem; font-weight: 300; font-family: &quot;Open Sans&quot;, Helvetica, Arial, sans-serif;\" > in cerca di una soluzione stabile e conveniente<\/span><strong data-start=\"1698\" data-end=\"1712\"  style=\"font-size: 1.2rem; font-family: &quot;Open Sans&quot;, Helvetica, Arial, sans-serif;\">E-commerce<\/strong><span style=\"font-size: 1.2rem; font-weight: 300; font-family: &quot;Open Sans&quot;, Helvetica, Arial, sans-serif;\" > che richiedono prestazioni e affidabilit\u00e0<\/span><strong data-start=\"1757\" data-end=\"1786\"  style=\"font-size: 1.2rem; font-family: &quot;Open Sans&quot;, Helvetica, Arial, sans-serif;\">Sviluppatori e web agency<\/strong><span style=\"font-size: 1.2rem; font-weight: 300; font-family: &quot;Open Sans&quot;, Helvetica, Arial, sans-serif;\" > che gestiscono pi\u00f9 progetti<\/span><span style=\"font-size: 1.2rem; font-weight: 300; font-family: &quot;Open Sans&quot;, Helvetica, Arial, sans-serif;\" >Aziende che necessitano di <\/span><strong data-start=\"1844\" data-end=\"1867\"  style=\"font-size: 1.2rem; font-family: &quot;Open Sans&quot;, Helvetica, Arial, sans-serif;\">soluzioni su misura<\/strong><span style=\"font-size: 1.2rem; font-weight: 300; font-family: &quot;Open Sans&quot;, Helvetica, Arial, sans-serif;\" > con risorse scalabili<\/span><\/h3><\/div> <\/div> <div class=\"row center-xs middle-xs\" > <div class=\"col-sm-9\" data-type=\"column\" > <\/div> <\/div><\/div> <\/div>","protected":false},"excerpt":{"rendered":"<p>Piani VPS Linux Unmanaged I nostri piani VPS Linux Unmanaged offrono massima libert\u00e0 e controllo per utenti esperti e amministratori di sistema . VPS U1 \u20ac 7\/mese1 vCore1 GB RAM25 GB SSD Traffico Illimitato Contattaci VPS U2 \u20ac 17\/mese2 vCore2 GB RAM50 GB SSD Traffico Illimitato Contattaci VPS U3 \u20ac 29\/mese4 vCore4 GB RAM80 GB&hellip; <br \/> <a class=\"read-more\" href=\"https:\/\/www.lwaziende.it\/index.php\/vps\/\">Leggi tutto<\/a><\/p>\n","protected":false},"author":1,"featured_media":0,"parent":0,"menu_order":0,"comment_status":"closed","ping_status":"closed","template":"pro\/page-templates\/full-width-page.php","meta":{"footnotes":""},"class_list":["post-880","page","type-page","status-publish","hentry"],"_links":{"self":[{"href":"https:\/\/www.lwaziende.it\/index.php\/wp-json\/wp\/v2\/pages\/880","targetHints":{"allow":["GET"]}}],"collection":[{"href":"https:\/\/www.lwaziende.it\/index.php\/wp-json\/wp\/v2\/pages"}],"about":[{"href":"https:\/\/www.lwaziende.it\/index.php\/wp-json\/wp\/v2\/types\/page"}],"author":[{"embeddable":true,"href":"https:\/\/www.lwaziende.it\/index.php\/wp-json\/wp\/v2\/users\/1"}],"replies":[{"embeddable":true,"href":"https:\/\/www.lwaziende.it\/index.php\/wp-json\/wp\/v2\/comments?post=880"}],"version-history":[{"count":15,"href":"https:\/\/www.lwaziende.it\/index.php\/wp-json\/wp\/v2\/pages\/880\/revisions"}],"predecessor-version":[{"id":1060,"href":"https:\/\/www.lwaziende.it\/index.php\/wp-json\/wp\/v2\/pages\/880\/revisions\/1060"}],"wp:attachment":[{"href":"https:\/\/www.lwaziende.it\/index.php\/wp-json\/wp\/v2\/media?parent=880"}],"curies":[{"name":"wp","href":"https:\/\/api.w.org\/{rel}","templated":true}]}}