{"id":864,"date":"2025-04-16T10:08:09","date_gmt":"2025-04-16T08:08:09","guid":{"rendered":"https:\/\/www.lwaziende.it\/?page_id=864"},"modified":"2025-04-16T15:51:13","modified_gmt":"2025-04-16T13:51:13","slug":"hosting-e-commerce","status":"publish","type":"page","link":"https:\/\/www.lwaziende.it\/index.php\/hosting-e-commerce\/","title":{"rendered":"Hosting E-Commerce"},"content":{"rendered":"<div data-label=\"Features\" data-id=\"features--1\" data-export-id=\"features-13-card-bordered\" data-category=\"features\" class=\"features-13 content-section content-section-spacing\" id=\"features-1\"  style=\"background-color: rgb(255, 255, 255);\"><div class=\"gridContainer\" > <div class=\"row text-center\" ><div class=\"section-title-col\" data-type=\"column\" > <h2 class=\"\" >La tua idea, la nostra infrastruttura<\/h2> <p class=\"lead\" >Tu pensi al business, noi pensiamo ai server.<br >\nMettiamo passione, competenza e tecnologia al servizio dei tuoi progetti digitali. Ci occupiamo della progettazione, configurazione e gestione di server e infrastrutture dedicate, pensate per garantire alte prestazioni, stabilit\u00e0 e scalabilit\u00e0.<br >\nSiamo specializzati nell\u2019hosting di siti e-commerce ad alto traffico, con soluzioni su misura per piattaforme come Magento, PrestaShop, WooCommerce o per sistemi custom sviluppati ad hoc. Ottimizziamo ogni ambiente in base al software utilizzato, cos\u00ec da garantirti il massimo in termini di velocit\u00e0, sicurezza e continuit\u00e0 operativa.\n<br >Supportiamo Magento, Prestashop o Woo Commerce<\/p><\/div> <\/div> <div class=\"row spaced-cols content-center-sm\" data-type=\"row\" > <div class=\"col-sm-4\" > <div class=\"card bordered y-move\" data-type=\"column\" > <i class=\"fa icon fa-codepen big round reverse color1\" ><\/i> <h4 class=\"\" >Progettazione<\/h4> <p class=\"\" >Progettiamo l\u2019infrastruttura ideale per il tuo business, assicurando prestazioni elevate, gestione del traffico intenso, transazioni rapide e massima disponibilit\u00e0 dei servizi. Ogni soluzione \u00e8 pensata per garantire efficienza, affidabilit\u00e0 e scalabilit\u00e0, su misura per le esigenze del tuo progetto.<\/p> <\/div> <\/div> <div class=\"col-sm-4\" > <div class=\"card bordered y-move\" data-type=\"column\" > <i class=\"fa icon fa-codepen big round reverse color1\" ><\/i> <h4 class=\"\" >Implementazione<\/h4> <p class=\"\" >L\u2019implementazione \u00e8 affidata ai nostri specialisti, che si occuperanno di realizzare, testare e ottimizzare l\u2019intera infrastruttura server e di rete, garantendo un\u2019installazione efficiente e pronta per affrontare carichi di lavoro reali sin dal primo giorno.<\/p> <\/div> <\/div> <div class=\"col-sm-4\" > <div class=\"card bordered y-move\" data-type=\"column\" > <i class=\"fa icon fa-codepen big round reverse color1\" ><\/i> <h4 class=\"\" >Gestione<\/h4> <p class=\"\" >Affidati a noi per la gestione completa della tua infrastruttura IT. Il nostro team di esperti si occupa della configurazione, manutenzione e ottimizzazione di server e reti, garantendo prestazioni elevate e sicurezza costante.<\/p> <\/div> <\/div><\/div> <\/div><\/div><div data-label=\"Features\" data-id=\"features--2\" data-export-id=\"features-12-card-bordered-colored\" data-category=\"features\" class=\"features-12-card-bordered-colored content-section content-section-spacing \" id=\"features-2\"  style=\"background-color: rgb(245, 250, 253);\"><div class=\"gridContainer\" ><div class=\"row text-center\" ><div class=\"section-title-col\" data-type=\"column\" > <h2 class=\"\" >Supporto<\/h2> <p class=\"lead\" >I nostri operatori ti affiancano nello sviluppo del tuo progetto e-commerce, aiutandoti a scegliere le tecnologie pi\u00f9 adatte in base alla piattaforma utilizzata e agli obiettivi di business. Che si tratti di un server ottimizzato per Magento, o di un hosting performante per PrestaShop o WooCommerce, ogni soluzione viene calibrata con attenzione.<br >\nCi occupiamo di tuning avanzato, configurazioni su misura e scelta dell\u2019infrastruttura ottimale, garantendo prestazioni elevate, corretto dimensionamento delle risorse e massima scalabilit\u00e0 per gestire la crescita del tuo shop online in tutta sicurezza.<\/p><\/div> <\/div> <div class=\"row spaced-cols\" data-type=\"row\" > <div class=\"col-xs-12 col-sm-6\" > <div class=\"card row-card bottom-border-color2\" > <div class=\"row\" > <div class=\"col-sm-fit icon-column\" > <i class=\"fa icon fa-connectdevelop round bordered color2\" ><\/i> <\/div> <div class=\"col-sm\" data-type=\"column\" >  <p class=\"\" >Load balancing<br >\nVarnish Cache<br >\nNginx<\/p><\/div> <\/div><\/div> <\/div> <div class=\"col-xs-12 col-sm-6\" > <div class=\"card row-card bottom-border-color2\" > <div class=\"row\" > <div class=\"col-sm-fit icon-column\" > <i class=\"fa icon fa-codepen round bordered color2\" ><\/i> <\/div> <div class=\"col-sm\" data-type=\"column\" >  <p class=\"\" >PHP-FPM<br >\nRedis cache<br >\nMemcached<\/p><\/div> <\/div><\/div> <\/div> <div class=\"col-xs-12 col-sm-6\" > <div class=\"card row-card bottom-border-color2\" > <div class=\"row\" > <div class=\"col-sm-fit icon-column\" > <i class=\"fa icon fa-cube round bordered color2\" ><\/i> <\/div> <div class=\"col-sm\" data-type=\"column\" >  <p class=\"\" >MySQL \/ MariaDB<br >\nGalera Cluster<br >\nMaxScale<\/p><\/div> <\/div><\/div> <\/div> <div class=\"col-xs-12 col-sm-6\" > <div class=\"card row-card bottom-border-color2\" > <div class=\"row\" > <div class=\"col-sm-fit icon-column\" > <i class=\"fa icon fa-database round bordered color2\" ><\/i> <\/div> <div class=\"col-sm\" data-type=\"column\" >  <p class=\"\" >Firewall<br >\nBackup<\/p><\/div> <\/div><\/div> <\/div><\/div> <\/div><\/div><div data-label=\"Pricing\" data-id=\"pricing--1\" data-export-id=\"pricing-1\" data-category=\"pricing\" data-featured-class=\"pricing-featured\" class=\"pricing-1 content-section content-section-spacing\" id=\"pricing-1\"  style=\"background-color: rgb(255, 255, 255);\"><div class=\"gridContainer\" > <div class=\"row\" ><div data-type=\"column\" class=\"section-title-col\" > <h2 class=\"text-center\" >Scegli Il Tuo Piano Hosting\u200b<\/h2> <p class=\"lead\" >* un nome di dominio con estensione .it, .com, .eu, .net incluso selezionando la sottoscrizione annuale.<\/p><\/div> <\/div> <div data-type=\"row\" class=\"row spaced-cols\" > <div class=\"col-xs-12 col-sm-6 col-md-3 text-center \" > <div class=\"card shadow-small rounded\" data-default=\"shadow-small\" data-featured=\"shadow-large\" data-type=\"column\" > <h3 class=\"font-300 upper\" >SSD 2<\/h3> <p class=\"small color1 custom-color\" >A partire da<\/p>  <h3 class=\"\" >\u20ac24\/anno<\/h3><ul data-default=\"no-class\" data-featured=\"strong\" class=\"unstyled checked decoration-color1 black text-center\" ><li >2 GB Spazio Web SSD<\/li><li > 1 Sito Web<\/li><li > 1 dominio Incluso *<\/li><li > 10 Caselle email<\/li><li > 10 database<\/li><li >Certificato SSL<\/li><\/ul> <a class=\"button upper y-move color1\" href=\"https:\/\/www.lwaziende.it\/index.php\/contattaci\" data-default=\"color1\" data-featured=\"color2\"  target=\"_self\" data-cp-link=\"1\" data-icon=\"\">Contattaci<\/a><\/div> <\/div>   <div class=\"col-xs-12 col-sm-6 col-md-3 text-center\" > <div class=\"card shadow-small rounded\" data-default=\"shadow-small\" data-featured=\"shadow-large\" data-type=\"column\" > <h3 class=\"font-300 upper\" >SSD 10<\/h3> <p class=\"small color1 custom-color\" >A partire da<\/p><h3 class=\"\" >\u20ac49\/anno<\/h3>  <ul data-default=\"no-class\" data-featured=\"strong\" class=\"unstyled checked decoration-color1 black text-center\" ><li >10 GB Spazio Web SSD<\/li><li > 1 Sito Web<\/li><li > 1 dominio Incluso *<\/li><li >Caselle email illimitate<\/li><li >Database illimitati<\/li><li >Certificato SSL<\/li><\/ul> <a class=\"button upper y-move color1\" href=\"https:\/\/www.lwaziende.it\/index.php\/contattaci\" data-default=\"color1\" data-featured=\"color2\"  target=\"_self\" data-cp-link=\"1\" data-icon=\"\">Contattaci<\/a><\/div> <\/div><div class=\"col-xs-12 col-sm-6 col-md-3 text-center\" > <div class=\"card shadow-small rounded\" data-default=\"shadow-small\" data-featured=\"shadow-large\" data-type=\"column\" > <h3 class=\"font-300 upper\" >SSD 50<\/h3> <p class=\"small color1 custom-color\" >A partire da<\/p><h3 class=\"\" >\u20ac99\/anno<\/h3>  <ul data-default=\"no-class\" data-featured=\"strong\" class=\"unstyled checked decoration-color1 black text-center\" ><li >50 GB Spazio Web SSD<\/li><li >Siti Web illimitati<\/li><li > 1 dominio Incluso *<\/li><li >Caselle email illimitate<\/li><li >Database illimitati<\/li><li >Certificato SSL<\/li><\/ul> <a class=\"button upper y-move color1\" href=\"https:\/\/www.lwaziende.it\/index.php\/contattaci\" data-default=\"color1\" data-featured=\"color2\"  target=\"_self\" data-cp-link=\"1\" data-icon=\"\">Contattaci<\/a><\/div> <\/div><div class=\"col-xs-12 col-sm-6 col-md-3 text-center\" > <div class=\"card shadow-small rounded\" data-default=\"shadow-small\" data-featured=\"shadow-large\" data-type=\"column\" > <h3 class=\"font-300 upper\" >SSD 100<\/h3> <p class=\"small color1 custom-color\" >A partire da<\/p><h3 class=\"\" >\u20ac189\/anno<\/h3>  <ul data-default=\"no-class\" data-featured=\"strong\" class=\"unstyled checked decoration-color1 black text-center\" ><li >100 GB Spazio Web SSD<\/li><li >Siti Web illimitati<\/li><li > 1 dominio Incluso *<\/li><li >Caselle email illimitate<\/li><li >Database illimitati<\/li><li >Certificato SSL<\/li><\/ul> <a class=\"button upper y-move color1\" href=\"https:\/\/www.lwaziende.it\/index.php\/contattaci\" data-default=\"color1\" data-featured=\"color2\"  target=\"_self\" data-cp-link=\"1\" data-icon=\"\">Contattaci<\/a><\/div> <\/div><\/div> <\/div><\/div>","protected":false},"excerpt":{"rendered":"<p>La tua idea, la nostra infrastruttura Tu pensi al business, noi pensiamo ai server. Mettiamo passione, competenza e tecnologia al servizio dei tuoi progetti digitali. Ci occupiamo della progettazione, configurazione e gestione di server e infrastrutture dedicate, pensate per garantire alte prestazioni, stabilit\u00e0 e scalabilit\u00e0. Siamo specializzati nell\u2019hosting di siti e-commerce ad alto traffico, con&hellip; <br \/> <a class=\"read-more\" href=\"https:\/\/www.lwaziende.it\/index.php\/hosting-e-commerce\/\">Leggi tutto<\/a><\/p>\n","protected":false},"author":1,"featured_media":0,"parent":0,"menu_order":0,"comment_status":"closed","ping_status":"closed","template":"pro\/page-templates\/full-width-page.php","meta":{"footnotes":""},"class_list":["post-864","page","type-page","status-publish","hentry"],"_links":{"self":[{"href":"https:\/\/www.lwaziende.it\/index.php\/wp-json\/wp\/v2\/pages\/864","targetHints":{"allow":["GET"]}}],"collection":[{"href":"https:\/\/www.lwaziende.it\/index.php\/wp-json\/wp\/v2\/pages"}],"about":[{"href":"https:\/\/www.lwaziende.it\/index.php\/wp-json\/wp\/v2\/types\/page"}],"author":[{"embeddable":true,"href":"https:\/\/www.lwaziende.it\/index.php\/wp-json\/wp\/v2\/users\/1"}],"replies":[{"embeddable":true,"href":"https:\/\/www.lwaziende.it\/index.php\/wp-json\/wp\/v2\/comments?post=864"}],"version-history":[{"count":7,"href":"https:\/\/www.lwaziende.it\/index.php\/wp-json\/wp\/v2\/pages\/864\/revisions"}],"predecessor-version":[{"id":992,"href":"https:\/\/www.lwaziende.it\/index.php\/wp-json\/wp\/v2\/pages\/864\/revisions\/992"}],"wp:attachment":[{"href":"https:\/\/www.lwaziende.it\/index.php\/wp-json\/wp\/v2\/media?parent=864"}],"curies":[{"name":"wp","href":"https:\/\/api.w.org\/{rel}","templated":true}]}}