{"id":14,"date":"2023-04-19T14:59:18","date_gmt":"2023-04-19T12:59:18","guid":{"rendered":"http:\/\/185.52.11.171\/lwaziende\/index.php\/mesmerize\/"},"modified":"2025-07-28T18:39:30","modified_gmt":"2025-07-28T16:39:30","slug":"mesmerize","status":"publish","type":"page","link":"https:\/\/www.lwaziende.it\/","title":{"rendered":"Front Page"},"content":{"rendered":"<div  id=\"content-1\" class=\"content-7 content-section content-section-spacing\" style=\"background-color: #ffffff;\" data-label=\"Content\" data-id=\"content--1\" data-export-id=\"content-7\" data-category=\"content\">\n<div  class=\"gridContainer\">\n<div  class=\"row middle-sm\">\n<div  class=\"col-sm-6 space-bottom-xs\" data-type=\"column\">\n<h2  class=\"\">Hosting<\/h2>\n<p  class=\"\">Offriamo soluzioni di hosting affidabili e scalabili, pensate per garantire le massime prestazioni al tuo sito web. I nostri server, ospitati in data center sicuri e certificati, assicurano tempi di caricamento rapidi, uptime costante e una protezione avanzata contro minacce informatiche.<br >\nChe tu gestisca un sito vetrina, un e-commerce o una piattaforma complessa, forniamo l\u2019infrastruttura giusta per supportare le tue esigenze, con spazio su disco, banda e risorse sempre dimensionate su misura. Backup automatici, supporto ai CMS pi\u00f9 diffusi (come WordPress, Joomla, Prestashop), certificati SSL inclusi e assistenza tecnica dedicata completano l\u2019offerta.<br >\nCon il nostro hosting, la tua presenza online \u00e8 sempre attiva, sicura e performante.<\/p>\n\n\n<\/div>\n<div  class=\"col-sm-6\" data-type=\"column\"><img  decoding=\"async\" class=\"shadow-large\" title=\"cropped-Cover-blog-cybersecurity.webp\" src=\"http:\/\/185.52.11.171\/lwaziende\/wp-content\/uploads\/2023\/04\/cropped-Cover-blog-cybersecurity.webp\" alt=\"\"><img  decoding=\"async\" class=\"custom-image\" title=\"cropped-server-and-data-racks.jpg\" src=\"https:\/\/www.lwaziende.it\/wp-content\/uploads\/2025\/04\/cropped-server-and-data-racks.jpg\" alt=\"\"><\/div>\n<\/div>\n<\/div>\n<\/div><div  id=\"content-2\" class=\"content-8 content-section content-section-spacing\" style=\"background-color: #f5fafd;\" data-label=\"Content\" data-id=\"content--2\" data-export-id=\"content-8\" data-category=\"content\">\n<div  class=\"gridContainer\">\n<div  class=\"row middle-sm\">\n<div  class=\"col-sm-6 space-bottom-xs space-top-xs\" data-type=\"column\"><img  decoding=\"async\" class=\"shadow-large\" title=\"cropped-DPO-GDPR-ASSO-DPO-CONGRESSO-MATTEO-COLOMBO.jpg\" src=\"http:\/\/185.52.11.171\/lwaziende\/wp-content\/uploads\/2023\/04\/cropped-DPO-GDPR-ASSO-DPO-CONGRESSO-MATTEO-COLOMBO.jpg\" alt=\"\"><img  decoding=\"async\" class=\"custom-image\" title=\"cropped-VPS-\u0441\u0435\u0440\u0432\u0435\u0440\u044b.jpg\" src=\"https:\/\/www.lwaziende.it\/wp-content\/uploads\/2025\/04\/cropped-VPS-\u0441\u0435\u0440\u0432\u0435\u0440\u044b.jpg\" alt=\"\"><\/div>\n<div  class=\"col-sm-6\" data-type=\"column\">\n<h2  class=\"\">VPS<\/h2>\n<p  class=\"\">I nostri VPS (Virtual Private Server) ti offrono l\u2019equilibrio perfetto tra performance e convenienza. Ideali per chi ha bisogno di pi\u00f9 risorse e libert\u00e0 rispetto a un hosting condiviso, ma senza i costi di un server dedicato, i VPS garantiscono ambienti isolati, configurabili e sicuri.<\/p>\n\n\n<\/div>\n<\/div>\n<\/div>\n<\/div><div  id=\"content-3\" class=\"content-7 content-section content-section-spacing\" style=\"background-color: #ffffff;\" data-label=\"Content\" data-id=\"content--3\" data-export-id=\"content-7\" data-category=\"content\">\n<div  class=\"gridContainer\">\n<div  class=\"row middle-sm\">\n<div  class=\"col-sm-6 space-bottom-xs\" data-type=\"column\">\n<h2  class=\"\">Cloud<\/h2>\n<p  class=\"\">Il nostro servizio di Cloud Hosting \u00e8 pensato per garantire la massima affidabilit\u00e0, scalabilit\u00e0 e sicurezza alle applicazioni web, e-commerce, software aziendali e infrastrutture IT.<br >\nGrazie alla tecnologia cloud, le tue risorse (CPU, RAM, storage) non sono pi\u00f9 vincolate a un singolo server fisico, ma distribuite in modo intelligente su un\u2019infrastruttura virtuale ad alte prestazioni. Questo ti garantisce continuit\u00e0 operativa, caricamenti rapidi e resilienza ai guasti, anche in caso di picchi di traffico o problemi hardware.<\/p>\n\n\n<\/div>\n<div  class=\"col-sm-6\" data-type=\"column\"><img  decoding=\"async\" class=\"shadow-large\" title=\"cropped-pandasecurity-cloud-service-safe.jpg\" src=\"http:\/\/185.52.11.171\/lwaziende\/wp-content\/uploads\/2023\/04\/cropped-pandasecurity-cloud-service-safe.jpg\" alt=\"\"><img  decoding=\"async\" class=\"custom-image\" title=\"cropped-pandasecurity-cloud-service-safe.jpg\" src=\"http:\/\/lwaziende.it\/wp-content\/uploads\/2023\/04\/cropped-pandasecurity-cloud-service-safe.jpg\" alt=\"\"><\/div>\n<\/div>\n<\/div>\n<\/div><div  id=\"content-4\" class=\"content-8 content-section content-section-spacing\" style=\"background-color: #f5fafd;\" data-label=\"Content\" data-id=\"content--4\" data-export-id=\"content-8\" data-category=\"content\">\n<div  class=\"gridContainer\">\n<div  class=\"row middle-sm\">\n<div  class=\"col-sm-6 space-bottom-xs space-top-xs\" data-type=\"column\"><img  decoding=\"async\" class=\"shadow-large\" title=\"cropped-ABF-Corso-di-PLC-ABF-San-Giovanni.jpg\" src=\"http:\/\/185.52.11.171\/lwaziende\/wp-content\/uploads\/2023\/04\/cropped-ABF-Corso-di-PLC-ABF-San-Giovanni.jpg\" alt=\"\"><img  decoding=\"async\" class=\"custom-image\" title=\"cropped-cropped-ABF-Corso-di-PLC-ABF-San-Giovanni.jpg\" src=\"https:\/\/www.lwaziende.it\/wp-content\/uploads\/2023\/04\/cropped-cropped-ABF-Corso-di-PLC-ABF-San-Giovanni.jpg\" alt=\"\"><\/div>\n<div  class=\"col-sm-6\" data-type=\"column\">\n<h2  class=\"\">Server<\/h2>\n<p  class=\"\">Forniamo server professionali, fisici e virtuali, progettati per garantire prestazioni elevate, massima sicurezza e continuit\u00e0 operativa. Che tu debba ospitare applicazioni aziendali, ambienti virtualizzati, sistemi ERP o infrastrutture IT complesse, i nostri server offrono la base solida su cui far crescere il tuo business.<\/p>\n\n\n<\/div>\n<\/div>\n<\/div>\n<\/div><div  id=\"content-7\" class=\"content-7 content-section content-section-spacing\" style=\"background-color: #ffffff;\" data-label=\"Content\" data-id=\"content--7\" data-export-id=\"content-7\" data-category=\"content\">\n<div  class=\"gridContainer\">\n<div  class=\"row middle-sm\">\n<div  class=\"col-sm-6 space-bottom-xs\" data-type=\"column\">\n<h2  class=\"\">Proxmox VE<\/h2>\n<p  class=\"\">Proxmox VE \u00e8 una piattaforma di virtualizzazione open source affidabile e flessibile, perfetta per gestire ambienti IT moderni, server virtuali e container in modo efficiente e centralizzato. Utilizzando tecnologie come KVM per la virtualizzazione completa e LXC per i container leggeri, offre una soluzione integrata per consolidare le risorse e migliorare l\u2019efficienza dell\u2019infrastruttura.<br >\nCon Proxmox, puoi creare e gestire cluster di server, automatizzare i backup, replicare i dati e distribuire facilmente macchine virtuali o ambienti Linux\/Windows in produzione o test.<\/p>\n\n\n<\/div>\n<div  class=\"col-sm-6\" data-type=\"column\"><img  decoding=\"async\" class=\"shadow-large\" title=\"demo digitale\" src=\"http:\/\/185.52.11.171\/lwaziende\/wp-content\/uploads\/2023\/04\/demo-digitale.jpg\" alt=\"\"><img  decoding=\"async\" class=\"custom-image\" title=\"Screenshot\" src=\"https:\/\/www.lwaziende.it\/wp-content\/uploads\/2025\/04\/cropped-grafana-proxmox-dashboard-scaled-1.jpg\" alt=\"\"><\/div>\n<\/div>\n<\/div>\n<\/div><div  id=\"content-8\" class=\"content-8 content-section content-section-spacing\" style=\"background-color: #f5fafd;\" data-label=\"Content\" data-id=\"content--8\" data-export-id=\"content-8\" data-category=\"content\">\n<div  class=\"gridContainer\">\n<div  class=\"row middle-sm\">\n<div  class=\"col-sm-6 space-bottom-xs space-top-xs\" data-type=\"column\"><img  decoding=\"async\" class=\"shadow-large\" title=\"Networking\" src=\"http:\/\/185.52.11.171\/lwaziende\/wp-content\/uploads\/2023\/05\/cropped-Networking-scaled-1.jpg\" alt=\"\"><img  decoding=\"async\" class=\"custom-image\" title=\"cropped-cropped-Direttiva-NIS2.jpg\" src=\"https:\/\/www.lwaziende.it\/wp-content\/uploads\/2024\/11\/cropped-cropped-Direttiva-NIS2.jpg\" alt=\"\"><\/div>\n<div  class=\"col-sm-6\" data-type=\"column\">\n<h2  class=\"\">Sicurezza<\/h2>\n<p  class=\"\">In un mondo digitale sempre pi\u00f9 interconnesso, la cybersecurity non \u00e8 pi\u00f9 un\u2019opzione, ma una priorit\u00e0. Con i nostri servizi di sicurezza informatica ti aiutiamo a proteggere reti, sistemi, applicazioni e dati sensibili da minacce esterne e interne.<br >\nDalla prevenzione alla rilevazione, dalla risposta agli incidenti fino al ripristino, progettiamo soluzioni complete e personalizzate per aziende di ogni dimensione. Affidati alla nostra esperienza per lavorare in tranquillit\u00e0 e in piena conformit\u00e0 con le normative sulla protezione dei dati.<\/p>\n\n\n<\/div>\n<\/div>\n<\/div>\n<\/div><div  id=\"content-9\" class=\"content-7 content-section content-section-spacing\" style=\"background-color: #ffffff;\" data-label=\"Content\" data-id=\"content--9\" data-export-id=\"content-7\" data-category=\"content\">\n<div  class=\"gridContainer\">\n<div  class=\"row middle-sm\">\n<div  class=\"col-sm-6 space-bottom-xs\" data-type=\"column\">\n<h2  class=\"\">Servizi<\/h2>\n<p  class=\"\">Da oltre 15 anni affianchiamo aziende e professionisti nell\u2019evoluzione digitale, offrendo soluzioni tecnologiche su misura per migliorare performance, sicurezza e continuit\u00e0 operativa. Con un approccio orientato alla qualit\u00e0 e all\u2019innovazione, progettiamo infrastrutture IT affidabili e facilmente scalabili.<\/p>\n\n\n<\/div>\n<div  class=\"col-sm-6\" data-type=\"column\"><img  decoding=\"async\" class=\"shadow-large\" title=\"demo digitale\" src=\"http:\/\/lwaziende.it\/wp-content\/uploads\/2023\/04\/demo-digitale.jpg\" alt=\"\"><\/div>\n<\/div>\n<\/div>\n<\/div>","protected":false},"excerpt":{"rendered":"<p>Hosting Offriamo soluzioni di hosting affidabili e scalabili, pensate per garantire le massime prestazioni al tuo sito web. I nostri server, ospitati in data center sicuri e certificati, assicurano tempi di caricamento rapidi, uptime costante e una protezione avanzata contro minacce informatiche. Che tu gestisca un sito vetrina, un e-commerce o una piattaforma complessa, forniamo&hellip; <br \/> <a class=\"read-more\" href=\"https:\/\/www.lwaziende.it\/\">Leggi tutto<\/a><\/p>\n","protected":false},"author":1,"featured_media":0,"parent":0,"menu_order":0,"comment_status":"closed","ping_status":"closed","template":"page-templates\/homepage.php","meta":{"footnotes":""},"class_list":["post-14","page","type-page","status-publish","hentry"],"_links":{"self":[{"href":"https:\/\/www.lwaziende.it\/index.php\/wp-json\/wp\/v2\/pages\/14","targetHints":{"allow":["GET"]}}],"collection":[{"href":"https:\/\/www.lwaziende.it\/index.php\/wp-json\/wp\/v2\/pages"}],"about":[{"href":"https:\/\/www.lwaziende.it\/index.php\/wp-json\/wp\/v2\/types\/page"}],"author":[{"embeddable":true,"href":"https:\/\/www.lwaziende.it\/index.php\/wp-json\/wp\/v2\/users\/1"}],"replies":[{"embeddable":true,"href":"https:\/\/www.lwaziende.it\/index.php\/wp-json\/wp\/v2\/comments?post=14"}],"version-history":[{"count":59,"href":"https:\/\/www.lwaziende.it\/index.php\/wp-json\/wp\/v2\/pages\/14\/revisions"}],"predecessor-version":[{"id":973,"href":"https:\/\/www.lwaziende.it\/index.php\/wp-json\/wp\/v2\/pages\/14\/revisions\/973"}],"wp:attachment":[{"href":"https:\/\/www.lwaziende.it\/index.php\/wp-json\/wp\/v2\/media?parent=14"}],"curies":[{"name":"wp","href":"https:\/\/api.w.org\/{rel}","templated":true}]}}