{"id":131,"date":"2023-04-26T17:56:27","date_gmt":"2023-04-26T15:56:27","guid":{"rendered":"http:\/\/185.52.11.171\/lwaziende\/?page_id=131"},"modified":"2023-05-29T10:52:12","modified_gmt":"2023-05-29T08:52:12","slug":"cloud","status":"publish","type":"page","link":"https:\/\/www.lwaziende.it\/index.php\/cloud\/","title":{"rendered":"Cloud"},"content":{"rendered":"<div  data-label=\"Content\" data-id=\"content--1\" data-export-id=\"content-12\" data-category=\"content\" class=\"content-12 content-section content-section-spacing content-relative\" id=\"content-1\" style=\"background-color: rgb(255, 255, 255);\"><div  class=\"section-separator-top\">\r\n    <svg  xmlns=\"http:\/\/www.w3.org\/2000\/svg\" viewBox=\"0 0 700 10\" preserveAspectRatio=\"none\" data-separator-name=\"arrow\" class=\"section-separator-top\">\r\n\t<path  class=\"svg-white-bg\" d=\"M350,10L340,0h20L350,10z\"><\/path>\r\n<\/svg>\r\n<\/div><div  class=\"gridContainer\"> <div  class=\"row text-center\"><div  class=\"section-title-col\" data-type=\"column\"> <h2  class=\"\">Perch\u00e9 passare al Cloud?<\/h2> <p  class=\"lead\">Il cloud computing, in italiano nuvola informatica o servizi nella nuvola, indica un\u2019erogazione di servizi offerti su richiesta da un fornitore a un utente finale attraverso la rete internet, a partire da un insieme di risorse preesistenti, configurabili e disponibili in remoto sotto forma di architettura distribuita.<\/p><\/div> <\/div> <div  class=\"row center-xs middle-xs\"> <div  class=\"col-sm-9\" data-type=\"column\"> <\/div> <\/div><\/div> <div  class=\"section-separator-bottom\">\r\n    <svg  class=\"section-separator-bottom\" data-separator-name=\"triangle-asymmetrical-negative\" preserveAspectRatio=\"none\" viewBox=\"0 0 1000 100\" xmlns=\"http:\/\/www.w3.org\/2000\/svg\">\r\n        <path  class=\"svg-white-bg\" d=\"M737.9,94.7L0,0v100h1000V0L737.9,94.7z\"><\/path>\r\n    <\/svg>\r\n<\/div><\/div><div  data-label=\"About\" data-id=\"about--1\" data-export-id=\"about-10\" data-category=\"about\" class=\"about-10 content-section content-section-spacing content-relative\" id=\"about-1\" style=\"background-color: rgb(245, 250, 253);\"><div  class=\"section-separator-top\">\r\n    <svg  class=\"section-separator-top\" data-separator-name=\"triangle-asymmetrical-negative\" preserveAspectRatio=\"none\" viewBox=\"0 0 1000 100\" xmlns=\"http:\/\/www.w3.org\/2000\/svg\">\r\n        <path  class=\"svg-white-bg\" d=\"M737.9,94.7L0,0v100h1000V0L737.9,94.7z\"><\/path>\r\n    <\/svg>\r\n<\/div><div  class=\"gridContainer\"> <div  class=\"row middle-sm text-center\"><div  class=\"col-sm-5 space-bottom-xs content-column\" data-type=\"column\">   <p  class=\"\">Il cloud consente agli utenti di accedere agli stessi file e alle stesse applicazioni da praticamente ogni dispositivo, perch\u00e9 l\u2019elaborazione e l\u2019archiviazione hanno luogo in server che si trovano in datacenter, invece che localmente, nel dispositivo dell\u2019utente. \u00c8 questo il motivo per cui un utente pu\u00f2 accedere al suo account di Instagram usando un nuovo telefono dopo che quello vecchio si \u00e8 rotto e pu\u00f2 trovare l\u2019account ancora l\u00ec, con tutte le foto, i video e la cronologia delle conversazioni. Funziona allo stesso modo con provider di servizi e-mail nel cloud, come la suite di Linkwireless per il cloud.<\/p> <p  class=\"lead\"><span  style=\"font-weight: 700;\">Come funziona il cloud computing?<\/span><\/p><p  class=\"\">Il cloud computing \u00e8 possibile grazie a una tecnologia chiamata virtualizzazione. La virtualizzazione consente di creare un computer \u201cvirtuale\u201d simulato ed esclusivamente digitale che si comporta come se fosse un computer fisico con hardware proprio. Il termine tecnico per un computer di questo tipo \u00e8 macchina virtuale. Quando vengono implementate in modo corretto, le macchine virtuali che si trovano nella stessa macchina \u201cospite\u201d sono in modalit\u00e0 sandbox e quindi non interagiscono l\u2019una con l\u2019altra; i file e le applicazioni di una macchina virtuale non sono visibili alle altre macchine virtuali, anche se si trovano nella stessa macchina fisica.<\/p><\/div> <div  class=\"col-sm-7 flexbox middle-xs center-xs space-bottom-xs\"><div  class=\"overlay-box middle-xs center-xs flexbox\"> <div  class=\"overlay-box-offset offset-border shadow-medium border-color1 hide-xs\"><\/div> <img  decoding=\"async\" class=\"shadow-large\" data-size=\"485x705\" src=\"http:\/\/lwaziende.it\/wp-content\/uploads\/2023\/05\/cropped-22620279-ethernet-lan-via-cavo-cadendo-fuori-dalla-nube-concetto-di-base-di-dati.webp\" title=\"cropped-22620279-ethernet-lan-via-cavo-cadendo-fuori-dalla-nube-concetto-di-base-di-dati.webp\" alt=\"\"><\/div> <\/div><\/div> <\/div><div  class=\"section-separator-bottom\">\r\n    <svg  class=\"section-separator-bottom\" data-separator-name=\"triangle-asymmetrical-negative\" preserveAspectRatio=\"none\" viewBox=\"0 0 1000 100\" xmlns=\"http:\/\/www.w3.org\/2000\/svg\">\r\n        <path  class=\"svg-white-bg\" d=\"M737.9,94.7L0,0v100h1000V0L737.9,94.7z\"><\/path>\r\n    <\/svg>\r\n<\/div><\/div><div  data-label=\"Content\" data-id=\"content--2\" data-export-id=\"content-12\" data-category=\"content\" class=\"content-12 content-section content-section-spacing content-relative\" id=\"content-2\" style=\"background-color: rgb(255, 255, 255);\"><div  class=\"section-separator-top\">\r\n    <svg  class=\"section-separator-top\" data-separator-name=\"triangle-asymmetrical-negative\" preserveAspectRatio=\"none\" viewBox=\"0 0 1000 100\" xmlns=\"http:\/\/www.w3.org\/2000\/svg\">\r\n        <path  class=\"svg-white-bg\" d=\"M737.9,94.7L0,0v100h1000V0L737.9,94.7z\"><\/path>\r\n    <\/svg>\r\n<\/div><div  class=\"gridContainer\"> <div  class=\"row text-center\"><div  class=\"section-title-col\" data-type=\"column\"> <h2  class=\"\">Come mai si chiama \u201ccloud\u201d?<\/h2> <p  class=\"lead\">Il termine \u201ccloud\u201d inizialmente era uno slang del settore tecnologico. All\u2019inizio di Internet, i diagrammi tecnici spesso rappresentavano i server e l\u2019infrastruttura di rete che costituiscono Internet sotto forma di una nuvola (\u201ccloud\u201d in inglese). Man mano che sempre pi\u00f9 processi elaborativi sono passati a questa porzione di Internet di \u201cserver e infrastruttura\u201d, la gente ha cominciato a dire di spostare le cose \u201cal cloud\u201d, un modo rapido per indicare dove stessero avendo luogo tali processi. Oggi il \u201ccloud\u201d \u00e8 un termine largamente usato che indica questo stile di computing.<\/p><\/div> <\/div> <div  class=\"row center-xs middle-xs\"> <div  class=\"col-sm-9\" data-type=\"column\"> <img  decoding=\"async\" class=\"shadow-large\" src=\"http:\/\/lwaziende.it\/wp-content\/uploads\/2023\/05\/cropped-Why-Private-Cloud_Thumb2.jpg\" title=\"cropped-Why-Private-Cloud_Thumb2.jpg\" alt=\"\"><\/div> <\/div><\/div> <div  class=\"section-separator-bottom\">\r\n    <svg  xmlns=\"http:\/\/www.w3.org\/2000\/svg\" viewBox=\"0 0 1000 100\" preserveAspectRatio=\"none\" data-separator-name=\"book\" class=\"section-separator-bottom\">\r\n\t<path  class=\"svg-white-bg\" d=\"M194,99c186.7,0.7,305-78.3,306-97.2c1,18.9,119.3,97.9,306,97.2c114.3-0.3,194,0.3,194,0.3s0-91.7,0-100c0,0,0,0,0-0 L0,0v99.3C0,99.3,79.7,98.7,194,99z\"><\/path>\r\n<\/svg>\r\n<\/div><\/div><div data-label=\"Cta\" data-id=\"cta--1\" data-export-id=\"cta-blue-section\" data-category=\"cta\" class=\"cta-blue-section content-section content-section-spacing-medium bg-color1 white-text\" id=\"cta-1\" ><div class=\"gridContainer\" > <div class=\"row middle-xs\" ><div class=\"col-sm-8 space-bottom-xs\" data-type=\"column\" > <h2 class=\"\" >Scarica la Brochure<\/h2> <\/div> <div class=\"col-sm-4 end-sm\" data-type=\"column\" > <a class=\"button color2\" href=\"https:\/\/lwaziende.it\/index.php\/cyber-security\/index.php\/lascia-la-tua-mail\" target=\"_self\" data-cp-link=\"1\" data-icon=\"\" rel=\"noopener\">Clicca QUI<\/a><\/div> <\/div><\/div> <\/div>","protected":false},"excerpt":{"rendered":"<p>Perch\u00e9 passare al Cloud? Il cloud computing, in italiano nuvola informatica o servizi nella nuvola, indica un\u2019erogazione di servizi offerti su richiesta da un fornitore a un utente finale attraverso la rete internet, a partire da un insieme di risorse preesistenti, configurabili e disponibili in remoto sotto forma di architettura distribuita. Il cloud consente agli&hellip; <br \/> <a class=\"read-more\" href=\"https:\/\/www.lwaziende.it\/index.php\/cloud\/\">Leggi tutto<\/a><\/p>\n","protected":false},"author":1,"featured_media":0,"parent":0,"menu_order":0,"comment_status":"closed","ping_status":"closed","template":"pro\/page-templates\/full-width-page.php","meta":{"footnotes":""},"class_list":["post-131","page","type-page","status-publish","hentry"],"_links":{"self":[{"href":"https:\/\/www.lwaziende.it\/index.php\/wp-json\/wp\/v2\/pages\/131","targetHints":{"allow":["GET"]}}],"collection":[{"href":"https:\/\/www.lwaziende.it\/index.php\/wp-json\/wp\/v2\/pages"}],"about":[{"href":"https:\/\/www.lwaziende.it\/index.php\/wp-json\/wp\/v2\/types\/page"}],"author":[{"embeddable":true,"href":"https:\/\/www.lwaziende.it\/index.php\/wp-json\/wp\/v2\/users\/1"}],"replies":[{"embeddable":true,"href":"https:\/\/www.lwaziende.it\/index.php\/wp-json\/wp\/v2\/comments?post=131"}],"version-history":[{"count":10,"href":"https:\/\/www.lwaziende.it\/index.php\/wp-json\/wp\/v2\/pages\/131\/revisions"}],"predecessor-version":[{"id":520,"href":"https:\/\/www.lwaziende.it\/index.php\/wp-json\/wp\/v2\/pages\/131\/revisions\/520"}],"wp:attachment":[{"href":"https:\/\/www.lwaziende.it\/index.php\/wp-json\/wp\/v2\/media?parent=131"}],"curies":[{"name":"wp","href":"https:\/\/api.w.org\/{rel}","templated":true}]}}